{"id":5607,"date":"2022-02-01T14:21:27","date_gmt":"2022-02-01T13:21:27","guid":{"rendered":"https:\/\/federicoiaccarino.it\/prodotto\/pentola-per-castagne-r9020\/"},"modified":"2022-02-01T14:29:28","modified_gmt":"2022-02-01T13:29:28","slug":"pentola-per-castagne-r9020","status":"publish","type":"product","link":"https:\/\/federicoiaccarino.it\/es\/producto\/pentola-per-castagne-r9020\/","title":{"rendered":"Olla para casta\u00f1as R9020"},"content":{"rendered":"<p>Todas las obras est\u00e1n realizadas seg\u00fan la antigua tradici\u00f3n del arte napolitana.<\/p>\n<div id=\"themify_builder_content-5237\" class=\"themify_builder_content themify_builder_content-5237 themify_builder tf_clear\" data-postid=\"5237\"><\/div>\n<div id=\"themify_builder_content-5235\" class=\"themify_builder_content themify_builder_content-5235 themify_builder tf_clear\" data-postid=\"5235\"><\/div>\n<!--themify_builder_content-->\n<div id=\"themify_builder_content-5607\" data-postid=\"5607\" class=\"themify_builder_content themify_builder_content-5607 themify_builder tf_clear\">\n    <\/div>\n<!--\/themify_builder_content-->\n","protected":false},"excerpt":{"rendered":"<p>Olla por figura de 35\/40cm<\/p>\n<p>(cm 15x 7x 3)<\/p>\n<p>Materiales utilizado: cobre y madera<\/p>\n","protected":false},"featured_media":5540,"comment_status":"open","ping_status":"closed","template":"","meta":[],"product_brand":[],"product_cat":[112,218,120,129],"product_tag":[],"class_list":{"0":"post-5607","1":"product","2":"type-product","3":"status-publish","4":"has-post-thumbnail","6":"product_cat-accesorios","7":"product_cat-accessori-in-rame-es","8":"product_cat-en-evidencia","9":"product_cat-shop-es","10":"has-post-title","11":"has-post-date","12":"has-post-category","13":"has-post-tag","14":"has-post-comment","15":"has-post-author","16":"","18":"first","19":"instock","20":"taxable","21":"shipping-taxable","22":"purchasable","23":"product-type-simple"},"yoast_head":"<!-- This site is optimized with the Yoast SEO plugin v26.2 - https:\/\/yoast.com\/wordpress\/plugins\/seo\/ -->\n<title>Olla para casta\u00f1as R9020 | federicoiaccarino<\/title>\n<meta name=\"robots\" content=\"index, follow, max-snippet:-1, max-image-preview:large, max-video-preview:-1\" \/>\n<link rel=\"canonical\" href=\"https:\/\/federicoiaccarino.it\/producto\/pentola-per-castagne-r9020\/\" \/>\n<meta property=\"og:locale\" content=\"es_ES\" \/>\n<meta property=\"og:type\" content=\"article\" \/>\n<meta property=\"og:title\" content=\"Olla para casta\u00f1as R9020 | federicoiaccarino\" \/>\n<meta property=\"og:description\" content=\"Olla por figura de 35\/40cm  (cm 15x 7x 3)  Materiales utilizado: cobre y madera\" \/>\n<meta property=\"og:url\" content=\"https:\/\/federicoiaccarino.it\/producto\/pentola-per-castagne-r9020\/\" \/>\n<meta property=\"og:site_name\" content=\"federicoiaccarino\" \/>\n<meta property=\"article:modified_time\" content=\"2022-02-01T13:29:28+00:00\" \/>\n<meta property=\"og:image\" content=\"https:\/\/federicoiaccarino.it\/wp-content\/uploads\/2022\/02\/R9020.jpg\" \/>\n\t<meta property=\"og:image:width\" content=\"875\" \/>\n\t<meta property=\"og:image:height\" content=\"1200\" \/>\n\t<meta property=\"og:image:type\" content=\"image\/jpeg\" \/>\n<meta name=\"twitter:card\" content=\"summary_large_image\" \/>\n<meta name=\"twitter:label1\" content=\"Tiempo de lectura\" \/>\n\t<meta name=\"twitter:data1\" content=\"1 minuto\" \/>\n<script type=\"application\/ld+json\" class=\"yoast-schema-graph\">{\"@context\":\"https:\/\/schema.org\",\"@graph\":[{\"@type\":\"WebPage\",\"@id\":\"https:\/\/federicoiaccarino.it\/producto\/pentola-per-castagne-r9020\/\",\"url\":\"https:\/\/federicoiaccarino.it\/producto\/pentola-per-castagne-r9020\/\",\"name\":\"Olla para casta\u00f1as R9020 | federicoiaccarino\",\"isPartOf\":{\"@id\":\"https:\/\/federicoiaccarino.it\/#website\"},\"primaryImageOfPage\":{\"@id\":\"https:\/\/federicoiaccarino.it\/producto\/pentola-per-castagne-r9020\/#primaryimage\"},\"image\":{\"@id\":\"https:\/\/federicoiaccarino.it\/producto\/pentola-per-castagne-r9020\/#primaryimage\"},\"thumbnailUrl\":\"https:\/\/federicoiaccarino.it\/wp-content\/uploads\/2022\/02\/R9020.jpg\",\"datePublished\":\"2022-02-01T13:21:27+00:00\",\"dateModified\":\"2022-02-01T13:29:28+00:00\",\"breadcrumb\":{\"@id\":\"https:\/\/federicoiaccarino.it\/producto\/pentola-per-castagne-r9020\/#breadcrumb\"},\"inLanguage\":\"es\",\"potentialAction\":[{\"@type\":\"ReadAction\",\"target\":[\"https:\/\/federicoiaccarino.it\/producto\/pentola-per-castagne-r9020\/\"]}]},{\"@type\":\"ImageObject\",\"inLanguage\":\"es\",\"@id\":\"https:\/\/federicoiaccarino.it\/producto\/pentola-per-castagne-r9020\/#primaryimage\",\"url\":\"https:\/\/federicoiaccarino.it\/wp-content\/uploads\/2022\/02\/R9020.jpg\",\"contentUrl\":\"https:\/\/federicoiaccarino.it\/wp-content\/uploads\/2022\/02\/R9020.jpg\",\"width\":875,\"height\":1200},{\"@type\":\"BreadcrumbList\",\"@id\":\"https:\/\/federicoiaccarino.it\/producto\/pentola-per-castagne-r9020\/#breadcrumb\",\"itemListElement\":[{\"@type\":\"ListItem\",\"position\":1,\"name\":\"Home\",\"item\":\"https:\/\/federicoiaccarino.it\/es\/\"},{\"@type\":\"ListItem\",\"position\":2,\"name\":\"Shop\",\"item\":\"https:\/\/federicoiaccarino.it\/negozio\/\"},{\"@type\":\"ListItem\",\"position\":3,\"name\":\"Olla para casta\u00f1as R9020\"}]},{\"@type\":\"WebSite\",\"@id\":\"https:\/\/federicoiaccarino.it\/#website\",\"url\":\"https:\/\/federicoiaccarino.it\/\",\"name\":\"Federico Iaccarino\",\"description\":\"\",\"potentialAction\":[{\"@type\":\"SearchAction\",\"target\":{\"@type\":\"EntryPoint\",\"urlTemplate\":\"https:\/\/federicoiaccarino.it\/?s={search_term_string}\"},\"query-input\":{\"@type\":\"PropertyValueSpecification\",\"valueRequired\":true,\"valueName\":\"search_term_string\"}}],\"inLanguage\":\"es\"}]}<\/script>\n<!-- \/ Yoast SEO plugin. -->","yoast_head_json":{"title":"Olla para casta\u00f1as R9020 | federicoiaccarino","robots":{"index":"index","follow":"follow","max-snippet":"max-snippet:-1","max-image-preview":"max-image-preview:large","max-video-preview":"max-video-preview:-1"},"canonical":"https:\/\/federicoiaccarino.it\/producto\/pentola-per-castagne-r9020\/","og_locale":"es_ES","og_type":"article","og_title":"Olla para casta\u00f1as R9020 | federicoiaccarino","og_description":"Olla por figura de 35\/40cm  (cm 15x 7x 3)  Materiales utilizado: cobre y madera","og_url":"https:\/\/federicoiaccarino.it\/producto\/pentola-per-castagne-r9020\/","og_site_name":"federicoiaccarino","article_modified_time":"2022-02-01T13:29:28+00:00","og_image":[{"width":875,"height":1200,"url":"https:\/\/federicoiaccarino.it\/wp-content\/uploads\/2022\/02\/R9020.jpg","type":"image\/jpeg"}],"twitter_card":"summary_large_image","twitter_misc":{"Tiempo de lectura":"1 minuto"},"schema":{"@context":"https:\/\/schema.org","@graph":[{"@type":"WebPage","@id":"https:\/\/federicoiaccarino.it\/producto\/pentola-per-castagne-r9020\/","url":"https:\/\/federicoiaccarino.it\/producto\/pentola-per-castagne-r9020\/","name":"Olla para casta\u00f1as R9020 | federicoiaccarino","isPartOf":{"@id":"https:\/\/federicoiaccarino.it\/#website"},"primaryImageOfPage":{"@id":"https:\/\/federicoiaccarino.it\/producto\/pentola-per-castagne-r9020\/#primaryimage"},"image":{"@id":"https:\/\/federicoiaccarino.it\/producto\/pentola-per-castagne-r9020\/#primaryimage"},"thumbnailUrl":"https:\/\/federicoiaccarino.it\/wp-content\/uploads\/2022\/02\/R9020.jpg","datePublished":"2022-02-01T13:21:27+00:00","dateModified":"2022-02-01T13:29:28+00:00","breadcrumb":{"@id":"https:\/\/federicoiaccarino.it\/producto\/pentola-per-castagne-r9020\/#breadcrumb"},"inLanguage":"es","potentialAction":[{"@type":"ReadAction","target":["https:\/\/federicoiaccarino.it\/producto\/pentola-per-castagne-r9020\/"]}]},{"@type":"ImageObject","inLanguage":"es","@id":"https:\/\/federicoiaccarino.it\/producto\/pentola-per-castagne-r9020\/#primaryimage","url":"https:\/\/federicoiaccarino.it\/wp-content\/uploads\/2022\/02\/R9020.jpg","contentUrl":"https:\/\/federicoiaccarino.it\/wp-content\/uploads\/2022\/02\/R9020.jpg","width":875,"height":1200},{"@type":"BreadcrumbList","@id":"https:\/\/federicoiaccarino.it\/producto\/pentola-per-castagne-r9020\/#breadcrumb","itemListElement":[{"@type":"ListItem","position":1,"name":"Home","item":"https:\/\/federicoiaccarino.it\/es\/"},{"@type":"ListItem","position":2,"name":"Shop","item":"https:\/\/federicoiaccarino.it\/negozio\/"},{"@type":"ListItem","position":3,"name":"Olla para casta\u00f1as R9020"}]},{"@type":"WebSite","@id":"https:\/\/federicoiaccarino.it\/#website","url":"https:\/\/federicoiaccarino.it\/","name":"Federico Iaccarino","description":"","potentialAction":[{"@type":"SearchAction","target":{"@type":"EntryPoint","urlTemplate":"https:\/\/federicoiaccarino.it\/?s={search_term_string}"},"query-input":{"@type":"PropertyValueSpecification","valueRequired":true,"valueName":"search_term_string"}}],"inLanguage":"es"}]}},"builder_content":"","_links":{"self":[{"href":"https:\/\/federicoiaccarino.it\/es\/wp-json\/wp\/v2\/product\/5607","targetHints":{"allow":["GET"]}}],"collection":[{"href":"https:\/\/federicoiaccarino.it\/es\/wp-json\/wp\/v2\/product"}],"about":[{"href":"https:\/\/federicoiaccarino.it\/es\/wp-json\/wp\/v2\/types\/product"}],"replies":[{"embeddable":true,"href":"https:\/\/federicoiaccarino.it\/es\/wp-json\/wp\/v2\/comments?post=5607"}],"wp:featuredmedia":[{"embeddable":true,"href":"https:\/\/federicoiaccarino.it\/es\/wp-json\/wp\/v2\/media\/5540"}],"wp:attachment":[{"href":"https:\/\/federicoiaccarino.it\/es\/wp-json\/wp\/v2\/media?parent=5607"}],"wp:term":[{"taxonomy":"product_brand","embeddable":true,"href":"https:\/\/federicoiaccarino.it\/es\/wp-json\/wp\/v2\/product_brand?post=5607"},{"taxonomy":"product_cat","embeddable":true,"href":"https:\/\/federicoiaccarino.it\/es\/wp-json\/wp\/v2\/product_cat?post=5607"},{"taxonomy":"product_tag","embeddable":true,"href":"https:\/\/federicoiaccarino.it\/es\/wp-json\/wp\/v2\/product_tag?post=5607"}],"curies":[{"name":"wp","href":"https:\/\/api.w.org\/{rel}","templated":true}]}}