{"id":1865,"date":"2021-04-02T10:43:00","date_gmt":"2021-04-02T08:43:00","guid":{"rendered":"https:\/\/federicoiaccarino.it\/prodotto\/arrotino-40-titolo-copia\/"},"modified":"2021-05-13T12:28:07","modified_gmt":"2021-05-13T10:28:07","slug":"arrotino-40-titolo-copia","status":"publish","type":"product","link":"https:\/\/federicoiaccarino.it\/es\/producto\/arrotino-40-titolo-copia\/","title":{"rendered":"Mandolina S1150"},"content":{"rendered":"<p>Todas las obras est\u00e1n realizadas seg\u00fan la antigua tradici\u00f3n del arte napolitana.<\/p>\n","protected":false},"excerpt":{"rendered":"<p>Mandolina por figura de 30 cm<\/p>\n<p>(cm 5x 4x 16)<\/p>\n<p>Materiales utilizados: madera y hueso.<\/p>\n","protected":false},"featured_media":1507,"comment_status":"open","ping_status":"closed","template":"","meta":[],"product_brand":[],"product_cat":[112,120,180,129],"product_tag":[],"class_list":{"0":"post-1865","1":"product","2":"type-product","3":"status-publish","4":"has-post-thumbnail","6":"product_cat-accesorios","7":"product_cat-en-evidencia","8":"product_cat-instrumentos-musicales","9":"product_cat-shop-es","10":"product_shipping_class-accessori-es","11":"has-post-title","12":"has-post-date","13":"has-post-category","14":"has-post-tag","15":"has-post-comment","16":"has-post-author","17":"","19":"first","20":"instock","21":"taxable","22":"shipping-taxable","23":"purchasable","24":"product-type-simple"},"yoast_head":"<!-- This site is optimized with the Yoast SEO plugin v26.2 - https:\/\/yoast.com\/wordpress\/plugins\/seo\/ -->\n<title>Mandolina S1150 | federicoiaccarino<\/title>\n<meta name=\"robots\" content=\"index, follow, max-snippet:-1, max-image-preview:large, max-video-preview:-1\" \/>\n<link rel=\"canonical\" href=\"https:\/\/federicoiaccarino.it\/es\/producto\/arrotino-40-titolo-copia\/\" \/>\n<meta property=\"og:locale\" content=\"es_ES\" \/>\n<meta property=\"og:type\" content=\"article\" \/>\n<meta property=\"og:title\" content=\"Mandolina S1150 | federicoiaccarino\" \/>\n<meta property=\"og:description\" content=\"Mandolina por figura de 30 cm  (cm 5x 4x 16)  Materiales utilizados: madera y hueso.\" \/>\n<meta property=\"og:url\" content=\"https:\/\/federicoiaccarino.it\/es\/producto\/arrotino-40-titolo-copia\/\" \/>\n<meta property=\"og:site_name\" content=\"federicoiaccarino\" \/>\n<meta property=\"article:modified_time\" content=\"2021-05-13T10:28:07+00:00\" \/>\n<meta property=\"og:image\" content=\"https:\/\/federicoiaccarino.it\/wp-content\/uploads\/2021\/04\/S1000.jpg\" \/>\n\t<meta property=\"og:image:width\" content=\"749\" \/>\n\t<meta property=\"og:image:height\" content=\"1200\" \/>\n\t<meta property=\"og:image:type\" content=\"image\/jpeg\" \/>\n<meta name=\"twitter:card\" content=\"summary_large_image\" \/>\n<script type=\"application\/ld+json\" class=\"yoast-schema-graph\">{\"@context\":\"https:\/\/schema.org\",\"@graph\":[{\"@type\":\"WebPage\",\"@id\":\"https:\/\/federicoiaccarino.it\/es\/producto\/arrotino-40-titolo-copia\/\",\"url\":\"https:\/\/federicoiaccarino.it\/es\/producto\/arrotino-40-titolo-copia\/\",\"name\":\"Mandolina S1150 | federicoiaccarino\",\"isPartOf\":{\"@id\":\"https:\/\/federicoiaccarino.it\/#website\"},\"primaryImageOfPage\":{\"@id\":\"https:\/\/federicoiaccarino.it\/es\/producto\/arrotino-40-titolo-copia\/#primaryimage\"},\"image\":{\"@id\":\"https:\/\/federicoiaccarino.it\/es\/producto\/arrotino-40-titolo-copia\/#primaryimage\"},\"thumbnailUrl\":\"https:\/\/federicoiaccarino.it\/wp-content\/uploads\/2021\/04\/S1000.jpg\",\"datePublished\":\"2021-04-02T08:43:00+00:00\",\"dateModified\":\"2021-05-13T10:28:07+00:00\",\"breadcrumb\":{\"@id\":\"https:\/\/federicoiaccarino.it\/es\/producto\/arrotino-40-titolo-copia\/#breadcrumb\"},\"inLanguage\":\"es\",\"potentialAction\":[{\"@type\":\"ReadAction\",\"target\":[\"https:\/\/federicoiaccarino.it\/es\/producto\/arrotino-40-titolo-copia\/\"]}]},{\"@type\":\"ImageObject\",\"inLanguage\":\"es\",\"@id\":\"https:\/\/federicoiaccarino.it\/es\/producto\/arrotino-40-titolo-copia\/#primaryimage\",\"url\":\"https:\/\/federicoiaccarino.it\/wp-content\/uploads\/2021\/04\/S1000.jpg\",\"contentUrl\":\"https:\/\/federicoiaccarino.it\/wp-content\/uploads\/2021\/04\/S1000.jpg\",\"width\":749,\"height\":1200},{\"@type\":\"BreadcrumbList\",\"@id\":\"https:\/\/federicoiaccarino.it\/es\/producto\/arrotino-40-titolo-copia\/#breadcrumb\",\"itemListElement\":[{\"@type\":\"ListItem\",\"position\":1,\"name\":\"Home\",\"item\":\"https:\/\/federicoiaccarino.it\/es\/\"},{\"@type\":\"ListItem\",\"position\":2,\"name\":\"Shop\",\"item\":\"https:\/\/federicoiaccarino.it\/negozio\/\"},{\"@type\":\"ListItem\",\"position\":3,\"name\":\"Mandolina S1150\"}]},{\"@type\":\"WebSite\",\"@id\":\"https:\/\/federicoiaccarino.it\/#website\",\"url\":\"https:\/\/federicoiaccarino.it\/\",\"name\":\"Federico Iaccarino\",\"description\":\"\",\"potentialAction\":[{\"@type\":\"SearchAction\",\"target\":{\"@type\":\"EntryPoint\",\"urlTemplate\":\"https:\/\/federicoiaccarino.it\/?s={search_term_string}\"},\"query-input\":{\"@type\":\"PropertyValueSpecification\",\"valueRequired\":true,\"valueName\":\"search_term_string\"}}],\"inLanguage\":\"es\"}]}<\/script>\n<!-- \/ Yoast SEO plugin. -->","yoast_head_json":{"title":"Mandolina S1150 | federicoiaccarino","robots":{"index":"index","follow":"follow","max-snippet":"max-snippet:-1","max-image-preview":"max-image-preview:large","max-video-preview":"max-video-preview:-1"},"canonical":"https:\/\/federicoiaccarino.it\/es\/producto\/arrotino-40-titolo-copia\/","og_locale":"es_ES","og_type":"article","og_title":"Mandolina S1150 | federicoiaccarino","og_description":"Mandolina por figura de 30 cm  (cm 5x 4x 16)  Materiales utilizados: madera y hueso.","og_url":"https:\/\/federicoiaccarino.it\/es\/producto\/arrotino-40-titolo-copia\/","og_site_name":"federicoiaccarino","article_modified_time":"2021-05-13T10:28:07+00:00","og_image":[{"width":749,"height":1200,"url":"https:\/\/federicoiaccarino.it\/wp-content\/uploads\/2021\/04\/S1000.jpg","type":"image\/jpeg"}],"twitter_card":"summary_large_image","schema":{"@context":"https:\/\/schema.org","@graph":[{"@type":"WebPage","@id":"https:\/\/federicoiaccarino.it\/es\/producto\/arrotino-40-titolo-copia\/","url":"https:\/\/federicoiaccarino.it\/es\/producto\/arrotino-40-titolo-copia\/","name":"Mandolina S1150 | federicoiaccarino","isPartOf":{"@id":"https:\/\/federicoiaccarino.it\/#website"},"primaryImageOfPage":{"@id":"https:\/\/federicoiaccarino.it\/es\/producto\/arrotino-40-titolo-copia\/#primaryimage"},"image":{"@id":"https:\/\/federicoiaccarino.it\/es\/producto\/arrotino-40-titolo-copia\/#primaryimage"},"thumbnailUrl":"https:\/\/federicoiaccarino.it\/wp-content\/uploads\/2021\/04\/S1000.jpg","datePublished":"2021-04-02T08:43:00+00:00","dateModified":"2021-05-13T10:28:07+00:00","breadcrumb":{"@id":"https:\/\/federicoiaccarino.it\/es\/producto\/arrotino-40-titolo-copia\/#breadcrumb"},"inLanguage":"es","potentialAction":[{"@type":"ReadAction","target":["https:\/\/federicoiaccarino.it\/es\/producto\/arrotino-40-titolo-copia\/"]}]},{"@type":"ImageObject","inLanguage":"es","@id":"https:\/\/federicoiaccarino.it\/es\/producto\/arrotino-40-titolo-copia\/#primaryimage","url":"https:\/\/federicoiaccarino.it\/wp-content\/uploads\/2021\/04\/S1000.jpg","contentUrl":"https:\/\/federicoiaccarino.it\/wp-content\/uploads\/2021\/04\/S1000.jpg","width":749,"height":1200},{"@type":"BreadcrumbList","@id":"https:\/\/federicoiaccarino.it\/es\/producto\/arrotino-40-titolo-copia\/#breadcrumb","itemListElement":[{"@type":"ListItem","position":1,"name":"Home","item":"https:\/\/federicoiaccarino.it\/es\/"},{"@type":"ListItem","position":2,"name":"Shop","item":"https:\/\/federicoiaccarino.it\/negozio\/"},{"@type":"ListItem","position":3,"name":"Mandolina S1150"}]},{"@type":"WebSite","@id":"https:\/\/federicoiaccarino.it\/#website","url":"https:\/\/federicoiaccarino.it\/","name":"Federico Iaccarino","description":"","potentialAction":[{"@type":"SearchAction","target":{"@type":"EntryPoint","urlTemplate":"https:\/\/federicoiaccarino.it\/?s={search_term_string}"},"query-input":{"@type":"PropertyValueSpecification","valueRequired":true,"valueName":"search_term_string"}}],"inLanguage":"es"}]}},"builder_content":"","_links":{"self":[{"href":"https:\/\/federicoiaccarino.it\/es\/wp-json\/wp\/v2\/product\/1865","targetHints":{"allow":["GET"]}}],"collection":[{"href":"https:\/\/federicoiaccarino.it\/es\/wp-json\/wp\/v2\/product"}],"about":[{"href":"https:\/\/federicoiaccarino.it\/es\/wp-json\/wp\/v2\/types\/product"}],"replies":[{"embeddable":true,"href":"https:\/\/federicoiaccarino.it\/es\/wp-json\/wp\/v2\/comments?post=1865"}],"wp:featuredmedia":[{"embeddable":true,"href":"https:\/\/federicoiaccarino.it\/es\/wp-json\/wp\/v2\/media\/1507"}],"wp:attachment":[{"href":"https:\/\/federicoiaccarino.it\/es\/wp-json\/wp\/v2\/media?parent=1865"}],"wp:term":[{"taxonomy":"product_brand","embeddable":true,"href":"https:\/\/federicoiaccarino.it\/es\/wp-json\/wp\/v2\/product_brand?post=1865"},{"taxonomy":"product_cat","embeddable":true,"href":"https:\/\/federicoiaccarino.it\/es\/wp-json\/wp\/v2\/product_cat?post=1865"},{"taxonomy":"product_tag","embeddable":true,"href":"https:\/\/federicoiaccarino.it\/es\/wp-json\/wp\/v2\/product_tag?post=1865"}],"curies":[{"name":"wp","href":"https:\/\/api.w.org\/{rel}","templated":true}]}}