{"id":14333,"date":"2025-10-18T15:49:27","date_gmt":"2025-10-18T13:49:27","guid":{"rendered":"https:\/\/federicoiaccarino.it\/prodotto\/pagetto-p150250\/"},"modified":"2025-10-18T15:59:00","modified_gmt":"2025-10-18T13:59:00","slug":"pagetto-p150250","status":"publish","type":"product","link":"https:\/\/federicoiaccarino.it\/es\/producto\/pagetto-p150250\/","title":{"rendered":"Paje P150250"},"content":{"rendered":"<p>Todas las obras est\u00e1n realizadas seg\u00fan la antigua tradici\u00f3n de la escultura napolitana.<\/p>\n<div id=\"themify_builder_content-11262\" class=\"themify_builder_content themify_builder_content-11262 themify_builder tf_clear\" data-postid=\"11262\"><\/div>\n<div id=\"themify_builder_content-11245\" class=\"themify_builder_content themify_builder_content-11245 themify_builder tf_clear\" data-postid=\"11245\"><\/div>\n","protected":false},"excerpt":{"rendered":"<p>Paje de 24cm<\/p>\n<p>Materiales utilizados:<\/p>\n<ul>\n<li>Cuerpo m\u00f3vil en alambre de hierro y c\u00e1\u00f1amo<\/li>\n<li>Ropa y coj\u00edn de seda y algod\u00f3n<\/li>\n<li>Cabeza de terracota<\/li>\n<li>Manos y pies de madera<\/li>\n<li>Ojos de cristal pintados<\/li>\n<li>Dipintura con pinturas al \u00f3leo<\/li>\n<li>Accesorio de metal<\/li>\n<\/ul>\n","protected":false},"featured_media":14298,"comment_status":"open","ping_status":"closed","template":"","meta":[],"product_brand":[],"product_cat":[121,123,129],"product_tag":[],"class_list":{"0":"post-14333","1":"product","2":"type-product","3":"status-publish","4":"has-post-thumbnail","6":"product_cat-pastores","7":"product_cat-pastores-de-25cm","8":"product_cat-shop-es","9":"has-post-title","10":"has-post-date","11":"has-post-category","12":"has-post-tag","13":"has-post-comment","14":"has-post-author","15":"","17":"first","18":"instock","19":"taxable","20":"shipping-taxable","21":"purchasable","22":"product-type-simple"},"yoast_head":"<!-- This site is optimized with the Yoast SEO plugin v26.2 - https:\/\/yoast.com\/wordpress\/plugins\/seo\/ -->\n<title>Paje P150250 | federicoiaccarino<\/title>\n<meta name=\"robots\" content=\"index, follow, max-snippet:-1, max-image-preview:large, max-video-preview:-1\" \/>\n<link rel=\"canonical\" href=\"https:\/\/federicoiaccarino.it\/es\/producto\/pagetto-p150250\/\" \/>\n<meta property=\"og:locale\" content=\"es_ES\" \/>\n<meta property=\"og:type\" content=\"article\" \/>\n<meta property=\"og:title\" content=\"Paje P150250 | federicoiaccarino\" \/>\n<meta property=\"og:description\" content=\"Paje de 24cm  Materiales utilizados:   Cuerpo m\u00f3vil en alambre de hierro y c\u00e1\u00f1amo  Ropa y coj\u00edn de seda y algod\u00f3n  Cabeza de terracota  Manos y pies de madera  Ojos de cristal pintados  Dipintura con pinturas al \u00f3leo  Accesorio de metal\" \/>\n<meta property=\"og:url\" content=\"https:\/\/federicoiaccarino.it\/es\/producto\/pagetto-p150250\/\" \/>\n<meta property=\"og:site_name\" content=\"federicoiaccarino\" \/>\n<meta property=\"article:modified_time\" content=\"2025-10-18T13:59:00+00:00\" \/>\n<meta property=\"og:image\" content=\"https:\/\/federicoiaccarino.it\/wp-content\/uploads\/2025\/10\/P150250b.jpg\" \/>\n\t<meta property=\"og:image:width\" content=\"850\" \/>\n\t<meta property=\"og:image:height\" content=\"1200\" \/>\n\t<meta property=\"og:image:type\" content=\"image\/jpeg\" \/>\n<meta name=\"twitter:card\" content=\"summary_large_image\" \/>\n<meta name=\"twitter:label1\" content=\"Tiempo de lectura\" \/>\n\t<meta name=\"twitter:data1\" content=\"1 minuto\" \/>\n<script type=\"application\/ld+json\" class=\"yoast-schema-graph\">{\"@context\":\"https:\/\/schema.org\",\"@graph\":[{\"@type\":\"WebPage\",\"@id\":\"https:\/\/federicoiaccarino.it\/es\/producto\/pagetto-p150250\/\",\"url\":\"https:\/\/federicoiaccarino.it\/es\/producto\/pagetto-p150250\/\",\"name\":\"Paje P150250 | federicoiaccarino\",\"isPartOf\":{\"@id\":\"https:\/\/federicoiaccarino.it\/#website\"},\"primaryImageOfPage\":{\"@id\":\"https:\/\/federicoiaccarino.it\/es\/producto\/pagetto-p150250\/#primaryimage\"},\"image\":{\"@id\":\"https:\/\/federicoiaccarino.it\/es\/producto\/pagetto-p150250\/#primaryimage\"},\"thumbnailUrl\":\"https:\/\/federicoiaccarino.it\/wp-content\/uploads\/2025\/10\/P150250b.jpg\",\"datePublished\":\"2025-10-18T13:49:27+00:00\",\"dateModified\":\"2025-10-18T13:59:00+00:00\",\"breadcrumb\":{\"@id\":\"https:\/\/federicoiaccarino.it\/es\/producto\/pagetto-p150250\/#breadcrumb\"},\"inLanguage\":\"es\",\"potentialAction\":[{\"@type\":\"ReadAction\",\"target\":[\"https:\/\/federicoiaccarino.it\/es\/producto\/pagetto-p150250\/\"]}]},{\"@type\":\"ImageObject\",\"inLanguage\":\"es\",\"@id\":\"https:\/\/federicoiaccarino.it\/es\/producto\/pagetto-p150250\/#primaryimage\",\"url\":\"https:\/\/federicoiaccarino.it\/wp-content\/uploads\/2025\/10\/P150250b.jpg\",\"contentUrl\":\"https:\/\/federicoiaccarino.it\/wp-content\/uploads\/2025\/10\/P150250b.jpg\",\"width\":850,\"height\":1200},{\"@type\":\"BreadcrumbList\",\"@id\":\"https:\/\/federicoiaccarino.it\/es\/producto\/pagetto-p150250\/#breadcrumb\",\"itemListElement\":[{\"@type\":\"ListItem\",\"position\":1,\"name\":\"Home\",\"item\":\"https:\/\/federicoiaccarino.it\/es\/\"},{\"@type\":\"ListItem\",\"position\":2,\"name\":\"Shop\",\"item\":\"https:\/\/federicoiaccarino.it\/negozio\/\"},{\"@type\":\"ListItem\",\"position\":3,\"name\":\"Paje P150250\"}]},{\"@type\":\"WebSite\",\"@id\":\"https:\/\/federicoiaccarino.it\/#website\",\"url\":\"https:\/\/federicoiaccarino.it\/\",\"name\":\"Federico Iaccarino\",\"description\":\"\",\"potentialAction\":[{\"@type\":\"SearchAction\",\"target\":{\"@type\":\"EntryPoint\",\"urlTemplate\":\"https:\/\/federicoiaccarino.it\/?s={search_term_string}\"},\"query-input\":{\"@type\":\"PropertyValueSpecification\",\"valueRequired\":true,\"valueName\":\"search_term_string\"}}],\"inLanguage\":\"es\"}]}<\/script>\n<!-- \/ Yoast SEO plugin. -->","yoast_head_json":{"title":"Paje P150250 | federicoiaccarino","robots":{"index":"index","follow":"follow","max-snippet":"max-snippet:-1","max-image-preview":"max-image-preview:large","max-video-preview":"max-video-preview:-1"},"canonical":"https:\/\/federicoiaccarino.it\/es\/producto\/pagetto-p150250\/","og_locale":"es_ES","og_type":"article","og_title":"Paje P150250 | federicoiaccarino","og_description":"Paje de 24cm  Materiales utilizados:   Cuerpo m\u00f3vil en alambre de hierro y c\u00e1\u00f1amo  Ropa y coj\u00edn de seda y algod\u00f3n  Cabeza de terracota  Manos y pies de madera  Ojos de cristal pintados  Dipintura con pinturas al \u00f3leo  Accesorio de metal","og_url":"https:\/\/federicoiaccarino.it\/es\/producto\/pagetto-p150250\/","og_site_name":"federicoiaccarino","article_modified_time":"2025-10-18T13:59:00+00:00","og_image":[{"width":850,"height":1200,"url":"https:\/\/federicoiaccarino.it\/wp-content\/uploads\/2025\/10\/P150250b.jpg","type":"image\/jpeg"}],"twitter_card":"summary_large_image","twitter_misc":{"Tiempo de lectura":"1 minuto"},"schema":{"@context":"https:\/\/schema.org","@graph":[{"@type":"WebPage","@id":"https:\/\/federicoiaccarino.it\/es\/producto\/pagetto-p150250\/","url":"https:\/\/federicoiaccarino.it\/es\/producto\/pagetto-p150250\/","name":"Paje P150250 | federicoiaccarino","isPartOf":{"@id":"https:\/\/federicoiaccarino.it\/#website"},"primaryImageOfPage":{"@id":"https:\/\/federicoiaccarino.it\/es\/producto\/pagetto-p150250\/#primaryimage"},"image":{"@id":"https:\/\/federicoiaccarino.it\/es\/producto\/pagetto-p150250\/#primaryimage"},"thumbnailUrl":"https:\/\/federicoiaccarino.it\/wp-content\/uploads\/2025\/10\/P150250b.jpg","datePublished":"2025-10-18T13:49:27+00:00","dateModified":"2025-10-18T13:59:00+00:00","breadcrumb":{"@id":"https:\/\/federicoiaccarino.it\/es\/producto\/pagetto-p150250\/#breadcrumb"},"inLanguage":"es","potentialAction":[{"@type":"ReadAction","target":["https:\/\/federicoiaccarino.it\/es\/producto\/pagetto-p150250\/"]}]},{"@type":"ImageObject","inLanguage":"es","@id":"https:\/\/federicoiaccarino.it\/es\/producto\/pagetto-p150250\/#primaryimage","url":"https:\/\/federicoiaccarino.it\/wp-content\/uploads\/2025\/10\/P150250b.jpg","contentUrl":"https:\/\/federicoiaccarino.it\/wp-content\/uploads\/2025\/10\/P150250b.jpg","width":850,"height":1200},{"@type":"BreadcrumbList","@id":"https:\/\/federicoiaccarino.it\/es\/producto\/pagetto-p150250\/#breadcrumb","itemListElement":[{"@type":"ListItem","position":1,"name":"Home","item":"https:\/\/federicoiaccarino.it\/es\/"},{"@type":"ListItem","position":2,"name":"Shop","item":"https:\/\/federicoiaccarino.it\/negozio\/"},{"@type":"ListItem","position":3,"name":"Paje P150250"}]},{"@type":"WebSite","@id":"https:\/\/federicoiaccarino.it\/#website","url":"https:\/\/federicoiaccarino.it\/","name":"Federico Iaccarino","description":"","potentialAction":[{"@type":"SearchAction","target":{"@type":"EntryPoint","urlTemplate":"https:\/\/federicoiaccarino.it\/?s={search_term_string}"},"query-input":{"@type":"PropertyValueSpecification","valueRequired":true,"valueName":"search_term_string"}}],"inLanguage":"es"}]}},"builder_content":"","_links":{"self":[{"href":"https:\/\/federicoiaccarino.it\/es\/wp-json\/wp\/v2\/product\/14333","targetHints":{"allow":["GET"]}}],"collection":[{"href":"https:\/\/federicoiaccarino.it\/es\/wp-json\/wp\/v2\/product"}],"about":[{"href":"https:\/\/federicoiaccarino.it\/es\/wp-json\/wp\/v2\/types\/product"}],"replies":[{"embeddable":true,"href":"https:\/\/federicoiaccarino.it\/es\/wp-json\/wp\/v2\/comments?post=14333"}],"wp:featuredmedia":[{"embeddable":true,"href":"https:\/\/federicoiaccarino.it\/es\/wp-json\/wp\/v2\/media\/14298"}],"wp:attachment":[{"href":"https:\/\/federicoiaccarino.it\/es\/wp-json\/wp\/v2\/media?parent=14333"}],"wp:term":[{"taxonomy":"product_brand","embeddable":true,"href":"https:\/\/federicoiaccarino.it\/es\/wp-json\/wp\/v2\/product_brand?post=14333"},{"taxonomy":"product_cat","embeddable":true,"href":"https:\/\/federicoiaccarino.it\/es\/wp-json\/wp\/v2\/product_cat?post=14333"},{"taxonomy":"product_tag","embeddable":true,"href":"https:\/\/federicoiaccarino.it\/es\/wp-json\/wp\/v2\/product_tag?post=14333"}],"curies":[{"name":"wp","href":"https:\/\/api.w.org\/{rel}","templated":true}]}}