{"id":12739,"date":"2025-04-07T10:41:27","date_gmt":"2025-04-07T08:41:27","guid":{"rendered":"https:\/\/federicoiaccarino.it\/prodotto\/pentola-t75020\/"},"modified":"2025-04-07T10:44:33","modified_gmt":"2025-04-07T08:44:33","slug":"pentola-t75020","status":"publish","type":"product","link":"https:\/\/federicoiaccarino.it\/es\/producto\/pentola-t75020\/","title":{"rendered":"Cazuela T75020"},"content":{"rendered":"<p>Todas las obras est\u00e1n realizadas seg\u00fan la antigua tradici\u00f3n del arte napolitana.<\/p>\n","protected":false},"excerpt":{"rendered":"<p>Material: aluminio<\/p>\n","protected":false},"featured_media":12728,"comment_status":"open","ping_status":"closed","template":"","meta":[],"product_brand":[],"product_cat":[112,188,129],"product_tag":[],"class_list":{"0":"post-12739","1":"product","2":"type-product","3":"status-publish","4":"has-post-thumbnail","6":"product_cat-accesorios","7":"product_cat-accesorios-de-metal-y-terracota","8":"product_cat-shop-es","9":"has-post-title","10":"has-post-date","11":"has-post-category","12":"has-post-tag","13":"has-post-comment","14":"has-post-author","15":"","17":"first","18":"instock","19":"taxable","20":"shipping-taxable","21":"purchasable","22":"product-type-simple"},"yoast_head":"<!-- This site is optimized with the Yoast SEO plugin v26.2 - https:\/\/yoast.com\/wordpress\/plugins\/seo\/ -->\n<title>Cazuela T75020 | federicoiaccarino<\/title>\n<meta name=\"robots\" content=\"index, follow, max-snippet:-1, max-image-preview:large, max-video-preview:-1\" \/>\n<link rel=\"canonical\" href=\"https:\/\/federicoiaccarino.it\/es\/producto\/pentola-t75020\/\" \/>\n<meta property=\"og:locale\" content=\"es_ES\" \/>\n<meta property=\"og:type\" content=\"article\" \/>\n<meta property=\"og:title\" content=\"Cazuela T75020 | federicoiaccarino\" \/>\n<meta property=\"og:description\" content=\"Material: aluminio\" \/>\n<meta property=\"og:url\" content=\"https:\/\/federicoiaccarino.it\/es\/producto\/pentola-t75020\/\" \/>\n<meta property=\"og:site_name\" content=\"federicoiaccarino\" \/>\n<meta property=\"article:modified_time\" content=\"2025-04-07T08:44:33+00:00\" \/>\n<meta property=\"og:image\" content=\"https:\/\/federicoiaccarino.it\/wp-content\/uploads\/2025\/04\/R4020.jpg\" \/>\n\t<meta property=\"og:image:width\" content=\"1200\" \/>\n\t<meta property=\"og:image:height\" content=\"752\" \/>\n\t<meta property=\"og:image:type\" content=\"image\/jpeg\" \/>\n<meta name=\"twitter:card\" content=\"summary_large_image\" \/>\n<meta name=\"twitter:label1\" content=\"Tiempo de lectura\" \/>\n\t<meta name=\"twitter:data1\" content=\"1 minuto\" \/>\n<script type=\"application\/ld+json\" class=\"yoast-schema-graph\">{\"@context\":\"https:\/\/schema.org\",\"@graph\":[{\"@type\":\"WebPage\",\"@id\":\"https:\/\/federicoiaccarino.it\/es\/producto\/pentola-t75020\/\",\"url\":\"https:\/\/federicoiaccarino.it\/es\/producto\/pentola-t75020\/\",\"name\":\"Cazuela T75020 | federicoiaccarino\",\"isPartOf\":{\"@id\":\"https:\/\/federicoiaccarino.it\/#website\"},\"primaryImageOfPage\":{\"@id\":\"https:\/\/federicoiaccarino.it\/es\/producto\/pentola-t75020\/#primaryimage\"},\"image\":{\"@id\":\"https:\/\/federicoiaccarino.it\/es\/producto\/pentola-t75020\/#primaryimage\"},\"thumbnailUrl\":\"https:\/\/federicoiaccarino.it\/wp-content\/uploads\/2025\/04\/R4020.jpg\",\"datePublished\":\"2025-04-07T08:41:27+00:00\",\"dateModified\":\"2025-04-07T08:44:33+00:00\",\"breadcrumb\":{\"@id\":\"https:\/\/federicoiaccarino.it\/es\/producto\/pentola-t75020\/#breadcrumb\"},\"inLanguage\":\"es\",\"potentialAction\":[{\"@type\":\"ReadAction\",\"target\":[\"https:\/\/federicoiaccarino.it\/es\/producto\/pentola-t75020\/\"]}]},{\"@type\":\"ImageObject\",\"inLanguage\":\"es\",\"@id\":\"https:\/\/federicoiaccarino.it\/es\/producto\/pentola-t75020\/#primaryimage\",\"url\":\"https:\/\/federicoiaccarino.it\/wp-content\/uploads\/2025\/04\/R4020.jpg\",\"contentUrl\":\"https:\/\/federicoiaccarino.it\/wp-content\/uploads\/2025\/04\/R4020.jpg\",\"width\":1200,\"height\":752},{\"@type\":\"BreadcrumbList\",\"@id\":\"https:\/\/federicoiaccarino.it\/es\/producto\/pentola-t75020\/#breadcrumb\",\"itemListElement\":[{\"@type\":\"ListItem\",\"position\":1,\"name\":\"Home\",\"item\":\"https:\/\/federicoiaccarino.it\/es\/\"},{\"@type\":\"ListItem\",\"position\":2,\"name\":\"Shop\",\"item\":\"https:\/\/federicoiaccarino.it\/negozio\/\"},{\"@type\":\"ListItem\",\"position\":3,\"name\":\"Cazuela T75020\"}]},{\"@type\":\"WebSite\",\"@id\":\"https:\/\/federicoiaccarino.it\/#website\",\"url\":\"https:\/\/federicoiaccarino.it\/\",\"name\":\"Federico Iaccarino\",\"description\":\"\",\"potentialAction\":[{\"@type\":\"SearchAction\",\"target\":{\"@type\":\"EntryPoint\",\"urlTemplate\":\"https:\/\/federicoiaccarino.it\/?s={search_term_string}\"},\"query-input\":{\"@type\":\"PropertyValueSpecification\",\"valueRequired\":true,\"valueName\":\"search_term_string\"}}],\"inLanguage\":\"es\"}]}<\/script>\n<!-- \/ Yoast SEO plugin. -->","yoast_head_json":{"title":"Cazuela T75020 | federicoiaccarino","robots":{"index":"index","follow":"follow","max-snippet":"max-snippet:-1","max-image-preview":"max-image-preview:large","max-video-preview":"max-video-preview:-1"},"canonical":"https:\/\/federicoiaccarino.it\/es\/producto\/pentola-t75020\/","og_locale":"es_ES","og_type":"article","og_title":"Cazuela T75020 | federicoiaccarino","og_description":"Material: aluminio","og_url":"https:\/\/federicoiaccarino.it\/es\/producto\/pentola-t75020\/","og_site_name":"federicoiaccarino","article_modified_time":"2025-04-07T08:44:33+00:00","og_image":[{"width":1200,"height":752,"url":"https:\/\/federicoiaccarino.it\/wp-content\/uploads\/2025\/04\/R4020.jpg","type":"image\/jpeg"}],"twitter_card":"summary_large_image","twitter_misc":{"Tiempo de lectura":"1 minuto"},"schema":{"@context":"https:\/\/schema.org","@graph":[{"@type":"WebPage","@id":"https:\/\/federicoiaccarino.it\/es\/producto\/pentola-t75020\/","url":"https:\/\/federicoiaccarino.it\/es\/producto\/pentola-t75020\/","name":"Cazuela T75020 | federicoiaccarino","isPartOf":{"@id":"https:\/\/federicoiaccarino.it\/#website"},"primaryImageOfPage":{"@id":"https:\/\/federicoiaccarino.it\/es\/producto\/pentola-t75020\/#primaryimage"},"image":{"@id":"https:\/\/federicoiaccarino.it\/es\/producto\/pentola-t75020\/#primaryimage"},"thumbnailUrl":"https:\/\/federicoiaccarino.it\/wp-content\/uploads\/2025\/04\/R4020.jpg","datePublished":"2025-04-07T08:41:27+00:00","dateModified":"2025-04-07T08:44:33+00:00","breadcrumb":{"@id":"https:\/\/federicoiaccarino.it\/es\/producto\/pentola-t75020\/#breadcrumb"},"inLanguage":"es","potentialAction":[{"@type":"ReadAction","target":["https:\/\/federicoiaccarino.it\/es\/producto\/pentola-t75020\/"]}]},{"@type":"ImageObject","inLanguage":"es","@id":"https:\/\/federicoiaccarino.it\/es\/producto\/pentola-t75020\/#primaryimage","url":"https:\/\/federicoiaccarino.it\/wp-content\/uploads\/2025\/04\/R4020.jpg","contentUrl":"https:\/\/federicoiaccarino.it\/wp-content\/uploads\/2025\/04\/R4020.jpg","width":1200,"height":752},{"@type":"BreadcrumbList","@id":"https:\/\/federicoiaccarino.it\/es\/producto\/pentola-t75020\/#breadcrumb","itemListElement":[{"@type":"ListItem","position":1,"name":"Home","item":"https:\/\/federicoiaccarino.it\/es\/"},{"@type":"ListItem","position":2,"name":"Shop","item":"https:\/\/federicoiaccarino.it\/negozio\/"},{"@type":"ListItem","position":3,"name":"Cazuela T75020"}]},{"@type":"WebSite","@id":"https:\/\/federicoiaccarino.it\/#website","url":"https:\/\/federicoiaccarino.it\/","name":"Federico Iaccarino","description":"","potentialAction":[{"@type":"SearchAction","target":{"@type":"EntryPoint","urlTemplate":"https:\/\/federicoiaccarino.it\/?s={search_term_string}"},"query-input":{"@type":"PropertyValueSpecification","valueRequired":true,"valueName":"search_term_string"}}],"inLanguage":"es"}]}},"builder_content":"","_links":{"self":[{"href":"https:\/\/federicoiaccarino.it\/es\/wp-json\/wp\/v2\/product\/12739","targetHints":{"allow":["GET"]}}],"collection":[{"href":"https:\/\/federicoiaccarino.it\/es\/wp-json\/wp\/v2\/product"}],"about":[{"href":"https:\/\/federicoiaccarino.it\/es\/wp-json\/wp\/v2\/types\/product"}],"replies":[{"embeddable":true,"href":"https:\/\/federicoiaccarino.it\/es\/wp-json\/wp\/v2\/comments?post=12739"}],"wp:featuredmedia":[{"embeddable":true,"href":"https:\/\/federicoiaccarino.it\/es\/wp-json\/wp\/v2\/media\/12728"}],"wp:attachment":[{"href":"https:\/\/federicoiaccarino.it\/es\/wp-json\/wp\/v2\/media?parent=12739"}],"wp:term":[{"taxonomy":"product_brand","embeddable":true,"href":"https:\/\/federicoiaccarino.it\/es\/wp-json\/wp\/v2\/product_brand?post=12739"},{"taxonomy":"product_cat","embeddable":true,"href":"https:\/\/federicoiaccarino.it\/es\/wp-json\/wp\/v2\/product_cat?post=12739"},{"taxonomy":"product_tag","embeddable":true,"href":"https:\/\/federicoiaccarino.it\/es\/wp-json\/wp\/v2\/product_tag?post=12739"}],"curies":[{"name":"wp","href":"https:\/\/api.w.org\/{rel}","templated":true}]}}