{"id":11765,"date":"2025-03-24T11:07:58","date_gmt":"2025-03-24T10:07:58","guid":{"rendered":"https:\/\/federicoiaccarino.it\/prodotto\/pulcinella-c340120\/"},"modified":"2025-03-24T11:12:06","modified_gmt":"2025-03-24T10:12:06","slug":"pulcinella-c340120","status":"publish","type":"product","link":"https:\/\/federicoiaccarino.it\/es\/producto\/pulcinella-c340120\/","title":{"rendered":"Pulcinella C340120"},"content":{"rendered":"<p>Pulcinella es una de las m\u00e1scaras m\u00e1s ic\u00f3nicas del arte de la comedia napolitana.<br \/>\nSe ha convertido en uno de los s\u00edmbolos m\u00e1s famosos de la ciudad partenopea , su car\u00e1cter rico en matices y contradicciones refleja plenamente el pueblo napolitano.<\/p>\n<p>&nbsp;<\/p>\n<p>&nbsp;<\/p>\n<p>Todas las obras se realizan seg\u00fan la antigua tradici\u00f3n de la escultura napolitana.<\/p>\n","protected":false},"excerpt":{"rendered":"<p>Pulcinella de 35 cm<\/p>\n<p>Materiales utilizados:<\/p>\n<ul>\n<li>Cuerpo m\u00f3vil en alambre de hierro y c\u00e1\u00f1amo<\/li>\n<li>Cabeza en barro cocido<\/li>\n<li>Manos y pies de madera<\/li>\n<li>Ojos en vidrio retropintado<\/li>\n<li>Pintura con pintura al \u00f3leo<\/li>\n<li>Vestidos de algod\u00f3n<\/li>\n<li>Barril de madera<\/li>\n<li>Espaguetis en cera<\/li>\n<\/ul>\n","protected":false},"featured_media":11740,"comment_status":"open","ping_status":"closed","template":"","meta":[],"product_brand":[],"product_cat":[229,129],"product_tag":[],"class_list":{"0":"post-11765","1":"product","2":"type-product","3":"status-publish","4":"has-post-thumbnail","6":"product_cat-objetos-y-figuras-tradicionales","7":"product_cat-shop-es","8":"has-post-title","9":"has-post-date","10":"has-post-category","11":"has-post-tag","12":"has-post-comment","13":"has-post-author","14":"","16":"first","17":"instock","18":"taxable","19":"shipping-taxable","20":"purchasable","21":"product-type-simple"},"yoast_head":"<!-- This site is optimized with the Yoast SEO plugin v26.2 - https:\/\/yoast.com\/wordpress\/plugins\/seo\/ -->\n<title>Pulcinella C340120 | federicoiaccarino<\/title>\n<meta name=\"robots\" content=\"index, follow, max-snippet:-1, max-image-preview:large, max-video-preview:-1\" \/>\n<link rel=\"canonical\" href=\"https:\/\/federicoiaccarino.it\/es\/producto\/pulcinella-c340120\/\" \/>\n<meta property=\"og:locale\" content=\"es_ES\" \/>\n<meta property=\"og:type\" content=\"article\" \/>\n<meta property=\"og:title\" content=\"Pulcinella C340120 | federicoiaccarino\" \/>\n<meta property=\"og:description\" content=\"Pulcinella de 35 cm  Materiales utilizados:   Cuerpo m\u00f3vil en alambre de hierro y c\u00e1\u00f1amo  Cabeza en barro cocido  Manos y pies de madera  Ojos en vidrio retropintado  Pintura con pintura al \u00f3leo  Vestidos de algod\u00f3n  Barril de madera  Espaguetis en cera\" \/>\n<meta property=\"og:url\" content=\"https:\/\/federicoiaccarino.it\/es\/producto\/pulcinella-c340120\/\" \/>\n<meta property=\"og:site_name\" content=\"federicoiaccarino\" \/>\n<meta property=\"article:modified_time\" content=\"2025-03-24T10:12:06+00:00\" \/>\n<meta property=\"og:image\" content=\"https:\/\/federicoiaccarino.it\/wp-content\/uploads\/2025\/03\/C340120-e1742811103855.jpg\" \/>\n\t<meta property=\"og:image:width\" content=\"600\" \/>\n\t<meta property=\"og:image:height\" content=\"850\" \/>\n\t<meta property=\"og:image:type\" content=\"image\/jpeg\" \/>\n<meta name=\"twitter:card\" content=\"summary_large_image\" \/>\n<meta name=\"twitter:label1\" content=\"Tiempo de lectura\" \/>\n\t<meta name=\"twitter:data1\" content=\"1 minuto\" \/>\n<script type=\"application\/ld+json\" class=\"yoast-schema-graph\">{\"@context\":\"https:\/\/schema.org\",\"@graph\":[{\"@type\":\"WebPage\",\"@id\":\"https:\/\/federicoiaccarino.it\/es\/producto\/pulcinella-c340120\/\",\"url\":\"https:\/\/federicoiaccarino.it\/es\/producto\/pulcinella-c340120\/\",\"name\":\"Pulcinella C340120 | federicoiaccarino\",\"isPartOf\":{\"@id\":\"https:\/\/federicoiaccarino.it\/#website\"},\"primaryImageOfPage\":{\"@id\":\"https:\/\/federicoiaccarino.it\/es\/producto\/pulcinella-c340120\/#primaryimage\"},\"image\":{\"@id\":\"https:\/\/federicoiaccarino.it\/es\/producto\/pulcinella-c340120\/#primaryimage\"},\"thumbnailUrl\":\"https:\/\/federicoiaccarino.it\/wp-content\/uploads\/2025\/03\/C340120-e1742811103855.jpg\",\"datePublished\":\"2025-03-24T10:07:58+00:00\",\"dateModified\":\"2025-03-24T10:12:06+00:00\",\"breadcrumb\":{\"@id\":\"https:\/\/federicoiaccarino.it\/es\/producto\/pulcinella-c340120\/#breadcrumb\"},\"inLanguage\":\"es\",\"potentialAction\":[{\"@type\":\"ReadAction\",\"target\":[\"https:\/\/federicoiaccarino.it\/es\/producto\/pulcinella-c340120\/\"]}]},{\"@type\":\"ImageObject\",\"inLanguage\":\"es\",\"@id\":\"https:\/\/federicoiaccarino.it\/es\/producto\/pulcinella-c340120\/#primaryimage\",\"url\":\"https:\/\/federicoiaccarino.it\/wp-content\/uploads\/2025\/03\/C340120-e1742811103855.jpg\",\"contentUrl\":\"https:\/\/federicoiaccarino.it\/wp-content\/uploads\/2025\/03\/C340120-e1742811103855.jpg\",\"width\":600,\"height\":850},{\"@type\":\"BreadcrumbList\",\"@id\":\"https:\/\/federicoiaccarino.it\/es\/producto\/pulcinella-c340120\/#breadcrumb\",\"itemListElement\":[{\"@type\":\"ListItem\",\"position\":1,\"name\":\"Home\",\"item\":\"https:\/\/federicoiaccarino.it\/es\/\"},{\"@type\":\"ListItem\",\"position\":2,\"name\":\"Shop\",\"item\":\"https:\/\/federicoiaccarino.it\/negozio\/\"},{\"@type\":\"ListItem\",\"position\":3,\"name\":\"Pulcinella C340120\"}]},{\"@type\":\"WebSite\",\"@id\":\"https:\/\/federicoiaccarino.it\/#website\",\"url\":\"https:\/\/federicoiaccarino.it\/\",\"name\":\"Federico Iaccarino\",\"description\":\"\",\"potentialAction\":[{\"@type\":\"SearchAction\",\"target\":{\"@type\":\"EntryPoint\",\"urlTemplate\":\"https:\/\/federicoiaccarino.it\/?s={search_term_string}\"},\"query-input\":{\"@type\":\"PropertyValueSpecification\",\"valueRequired\":true,\"valueName\":\"search_term_string\"}}],\"inLanguage\":\"es\"}]}<\/script>\n<!-- \/ Yoast SEO plugin. -->","yoast_head_json":{"title":"Pulcinella C340120 | federicoiaccarino","robots":{"index":"index","follow":"follow","max-snippet":"max-snippet:-1","max-image-preview":"max-image-preview:large","max-video-preview":"max-video-preview:-1"},"canonical":"https:\/\/federicoiaccarino.it\/es\/producto\/pulcinella-c340120\/","og_locale":"es_ES","og_type":"article","og_title":"Pulcinella C340120 | federicoiaccarino","og_description":"Pulcinella de 35 cm  Materiales utilizados:   Cuerpo m\u00f3vil en alambre de hierro y c\u00e1\u00f1amo  Cabeza en barro cocido  Manos y pies de madera  Ojos en vidrio retropintado  Pintura con pintura al \u00f3leo  Vestidos de algod\u00f3n  Barril de madera  Espaguetis en cera","og_url":"https:\/\/federicoiaccarino.it\/es\/producto\/pulcinella-c340120\/","og_site_name":"federicoiaccarino","article_modified_time":"2025-03-24T10:12:06+00:00","og_image":[{"width":600,"height":850,"url":"https:\/\/federicoiaccarino.it\/wp-content\/uploads\/2025\/03\/C340120-e1742811103855.jpg","type":"image\/jpeg"}],"twitter_card":"summary_large_image","twitter_misc":{"Tiempo de lectura":"1 minuto"},"schema":{"@context":"https:\/\/schema.org","@graph":[{"@type":"WebPage","@id":"https:\/\/federicoiaccarino.it\/es\/producto\/pulcinella-c340120\/","url":"https:\/\/federicoiaccarino.it\/es\/producto\/pulcinella-c340120\/","name":"Pulcinella C340120 | federicoiaccarino","isPartOf":{"@id":"https:\/\/federicoiaccarino.it\/#website"},"primaryImageOfPage":{"@id":"https:\/\/federicoiaccarino.it\/es\/producto\/pulcinella-c340120\/#primaryimage"},"image":{"@id":"https:\/\/federicoiaccarino.it\/es\/producto\/pulcinella-c340120\/#primaryimage"},"thumbnailUrl":"https:\/\/federicoiaccarino.it\/wp-content\/uploads\/2025\/03\/C340120-e1742811103855.jpg","datePublished":"2025-03-24T10:07:58+00:00","dateModified":"2025-03-24T10:12:06+00:00","breadcrumb":{"@id":"https:\/\/federicoiaccarino.it\/es\/producto\/pulcinella-c340120\/#breadcrumb"},"inLanguage":"es","potentialAction":[{"@type":"ReadAction","target":["https:\/\/federicoiaccarino.it\/es\/producto\/pulcinella-c340120\/"]}]},{"@type":"ImageObject","inLanguage":"es","@id":"https:\/\/federicoiaccarino.it\/es\/producto\/pulcinella-c340120\/#primaryimage","url":"https:\/\/federicoiaccarino.it\/wp-content\/uploads\/2025\/03\/C340120-e1742811103855.jpg","contentUrl":"https:\/\/federicoiaccarino.it\/wp-content\/uploads\/2025\/03\/C340120-e1742811103855.jpg","width":600,"height":850},{"@type":"BreadcrumbList","@id":"https:\/\/federicoiaccarino.it\/es\/producto\/pulcinella-c340120\/#breadcrumb","itemListElement":[{"@type":"ListItem","position":1,"name":"Home","item":"https:\/\/federicoiaccarino.it\/es\/"},{"@type":"ListItem","position":2,"name":"Shop","item":"https:\/\/federicoiaccarino.it\/negozio\/"},{"@type":"ListItem","position":3,"name":"Pulcinella C340120"}]},{"@type":"WebSite","@id":"https:\/\/federicoiaccarino.it\/#website","url":"https:\/\/federicoiaccarino.it\/","name":"Federico Iaccarino","description":"","potentialAction":[{"@type":"SearchAction","target":{"@type":"EntryPoint","urlTemplate":"https:\/\/federicoiaccarino.it\/?s={search_term_string}"},"query-input":{"@type":"PropertyValueSpecification","valueRequired":true,"valueName":"search_term_string"}}],"inLanguage":"es"}]}},"builder_content":"","_links":{"self":[{"href":"https:\/\/federicoiaccarino.it\/es\/wp-json\/wp\/v2\/product\/11765","targetHints":{"allow":["GET"]}}],"collection":[{"href":"https:\/\/federicoiaccarino.it\/es\/wp-json\/wp\/v2\/product"}],"about":[{"href":"https:\/\/federicoiaccarino.it\/es\/wp-json\/wp\/v2\/types\/product"}],"replies":[{"embeddable":true,"href":"https:\/\/federicoiaccarino.it\/es\/wp-json\/wp\/v2\/comments?post=11765"}],"wp:featuredmedia":[{"embeddable":true,"href":"https:\/\/federicoiaccarino.it\/es\/wp-json\/wp\/v2\/media\/11740"}],"wp:attachment":[{"href":"https:\/\/federicoiaccarino.it\/es\/wp-json\/wp\/v2\/media?parent=11765"}],"wp:term":[{"taxonomy":"product_brand","embeddable":true,"href":"https:\/\/federicoiaccarino.it\/es\/wp-json\/wp\/v2\/product_brand?post=11765"},{"taxonomy":"product_cat","embeddable":true,"href":"https:\/\/federicoiaccarino.it\/es\/wp-json\/wp\/v2\/product_cat?post=11765"},{"taxonomy":"product_tag","embeddable":true,"href":"https:\/\/federicoiaccarino.it\/es\/wp-json\/wp\/v2\/product_tag?post=11765"}],"curies":[{"name":"wp","href":"https:\/\/api.w.org\/{rel}","templated":true}]}}