{"id":986,"date":"2019-07-01T15:46:13","date_gmt":"2019-07-01T13:46:13","guid":{"rendered":"https:\/\/federicoiaccarino.it\/home\/"},"modified":"2021-07-22T19:40:25","modified_gmt":"2021-07-22T17:40:25","slug":"home","status":"publish","type":"page","link":"https:\/\/federicoiaccarino.it\/es\/","title":{"rendered":"Home"},"content":{"rendered":"<!--themify_builder_content-->\n<div id=\"themify_builder_content-986\" data-postid=\"986\" class=\"themify_builder_content themify_builder_content-986 themify_builder tf_clear\">\n                    <div  data-css_id=\"21ji93\" data-lazy=\"1\" class=\"module_row themify_builder_row fullheight fullwidth tb_21ji93 tb_first tf_w hide-mobile\">\n                        <div class=\"row_inner gutter-none col_align_top tb_col_count_2 tf_box tf_rel\">\n                        <div  data-lazy=\"1\" class=\"module_column tb-column col4-2 tb_f5pj94 first\">\n                            <div  data-lazy=\"1\" class=\"module_subrow themify_builder_sub_row tf_w col_align_middle tb_col_count_1 tb_8egw68\">\n                <div  data-lazy=\"1\" class=\"module_column sub_column col-full tb_77xl68 padding-left-5 padding-right-5 first\">\n                    <!-- module image -->\n<div  class=\"module module-image tb_cpbc390 image-center   tf_mw\" data-lazy=\"1\" data-lax-translate-y=\"(vh*1) 0,(vh*0) 70\" data-lax=\"true\">\n        <div class=\"image-wrap tf_rel tf_mw\">\n            <img loading=\"lazy\" decoding=\"async\" width=\"573\" height=\"50\" src=\"https:\/\/federicoiaccarino.it\/wp-content\/uploads\/2021\/03\/motto-home-es.png\" class=\"wp-post-image wp-image-999\" title=\"Home\" alt=\"Home\" srcset=\"https:\/\/federicoiaccarino.it\/wp-content\/uploads\/2021\/03\/motto-home-es.png 573w, https:\/\/federicoiaccarino.it\/wp-content\/uploads\/2021\/03\/motto-home-es-300x26.png 300w\" sizes=\"auto, (max-width: 573px) 100vw, 573px\" \/>    \n        <\/div>\n    <!-- \/image-wrap -->\n    \n        <\/div>\n<!-- \/module image -->        <\/div>\n                    <\/div>\n                <\/div>\n                    <div  data-lazy=\"1\" class=\"module_column tb-column col4-2 tb_q3wa666 last\">\n                            <\/div>\n                        <\/div>\n        <\/div>\n                        <div  data-css_id=\"y17x829\" data-lazy=\"1\" class=\"module_row themify_builder_row fullwidth tb_y17x829 tf_w hide-desktop hide-tablet hide-tablet_landscape\">\n                        <div class=\"row_inner gutter-none col_align_middle tb_col_count_2 tf_box tf_rel\">\n                        <div  data-lazy=\"1\" class=\"module_column tb-column col4-2 tb_l5wi830 first\">\n                    <!-- module image -->\n<div  class=\"module module-image tb_kkxw836 image-center   tf_mw\" data-lazy=\"1\" data-lax-translate-y=\"(vh*1) 0,(vh*0) 70\" data-lax=\"true\">\n        <div class=\"image-wrap tf_rel tf_mw\">\n            <img loading=\"lazy\" decoding=\"async\" width=\"573\" height=\"50\" src=\"https:\/\/federicoiaccarino.it\/wp-content\/uploads\/2021\/03\/motto-home-es.png\" class=\"wp-post-image wp-image-999\" title=\"Home\" alt=\"Home\" srcset=\"https:\/\/federicoiaccarino.it\/wp-content\/uploads\/2021\/03\/motto-home-es.png 573w, https:\/\/federicoiaccarino.it\/wp-content\/uploads\/2021\/03\/motto-home-es-300x26.png 300w\" sizes=\"auto, (max-width: 573px) 100vw, 573px\" \/>    \n        <\/div>\n    <!-- \/image-wrap -->\n    \n        <\/div>\n<!-- \/module image -->        <\/div>\n                    <div  data-lazy=\"1\" class=\"module_column tb-column col4-2 tb_8hoq830 last\">\n                            <\/div>\n                        <\/div>\n        <\/div>\n                        <div  data-lazy=\"1\" class=\"module_row themify_builder_row tb_3nvx671 tf_w\">\n                        <div class=\"row_inner col_align_top tb_col_count_1 tf_box tf_rel\">\n                        <div  data-lazy=\"1\" class=\"module_column tb-column col-full tb_zyh7672 first\">\n                            <div  data-lazy=\"1\" class=\"module_subrow themify_builder_sub_row tf_w gutter-none col_align_top tb_col_count_3 tb_6j98225\">\n                <div  data-lazy=\"1\" class=\"module_column sub_column col3-1 tb_rnnd225 first\">\n                            <\/div>\n                    <div  data-lazy=\"1\" class=\"module_column sub_column col3-1 tb_tyxb225\">\n                    <!-- module text -->\n<div  class=\"module module-text tb_k0uh534   tb_text_dropcap\" data-lazy=\"1\">\n        <div  class=\"tb_text_wrap\">\n        <h1>Bienvenidos al Estudio de Arte \u00abFederico Iaccarino\u00bb<\/h1>\n<p>Aqu\u00ed, inmerso en las obras inspiradas en la antigua tradici\u00f3n escult\u00f3rica napolitana, podr\u00e1s experimentar emociones que tocan desde el pasado para contemplar un arte que resiste al tiempo gracias a las obras de sabor cl\u00e1sico realizadas con la misma destreza manual de los grandes artistas pasados \u200b\u200bpor el maestro <strong>Federico Iaccarino<\/strong>. <br \/><br \/>El escultor de Meta di Sorrento, conocido y apreciado en todo el mundo por sus excepcionales habilidades art\u00edsticas, cada d\u00eda, con su talento creativo, contribuye a escribir una nueva \u00e8poca para la escultura napolitana.<\/p>\n<h2>Escultura napolitana, ayer, hoy y ma\u00f1ana<\/h2>\n<p>\u00ab<strong>La escultura napolitana<\/strong> es el puro relato de una \u00e9poca, de un reino, del deseo de mover el aire con formas siempre equilibradas, suaves, decididas, con colores vividos. Es el simple deseo de transmitir al espectador la inigualable maravilla de la verdad. Luego hay una investigaci\u00f3n profunda y man\u00edaca, donde las varillas y los pinceles se convierten en ap\u00e9ndices constantes y diarios. <br \/><br \/>El artista a su vez se convierte en un v\u00ednculo entre el cliente y la obra, entre lo que observa y lo que crea, en un dise\u00f1o divino que, con respeto, nos llama a\u00fan a maravillarnos difundiendo su palabra &#8230;\u00bb<\/p>\n<h3>Federico Iaccarino<\/h3>\n<h3>Revive el arte del pasado con nuevas emociones.<\/h3>\n<p>Es posible contemplar las obras del artista en el Estudio de Arte Federico Iaccarino, visitable en via Guglielmo Marconi 57 (Meta), a pocos kil\u00f3metros de Sorrento.<\/p>\n<p>\u00a0<\/p>\n<p>\u00a0<\/p>    <\/div>\n<\/div>\n<!-- \/module text -->        <\/div>\n                    <div  data-lazy=\"1\" class=\"module_column sub_column col3-1 tb_rnsx225 last\">\n                            <\/div>\n                    <\/div>\n                <div  data-lazy=\"1\" class=\"module_subrow themify_builder_sub_row tf_w gutter-narrow col_align_top tb_col_count_4 tb_8t03771\">\n                <div  data-lazy=\"1\" class=\"module_column sub_column col4-1 tb_989d771 first\">\n                            <\/div>\n                    <div  data-lazy=\"1\" class=\"module_column sub_column col4-1 tb_b96i771\">\n                            <\/div>\n                    <div  data-lazy=\"1\" class=\"module_column sub_column col4-1 tb_4llx345\">\n                            <\/div>\n                    <div  data-lazy=\"1\" class=\"module_column sub_column col4-1 tb_piqn345 last\">\n                            <\/div>\n                    <\/div>\n                <\/div>\n                        <\/div>\n        <\/div>\n        <\/div>\n<!--\/themify_builder_content-->","protected":false},"excerpt":{"rendered":"<p>Bienvenidos al Estudio de Arte \u00abFederico Iaccarino\u00bb Aqu\u00ed, inmerso en las obras inspiradas en la antigua tradici\u00f3n escult\u00f3rica napolitana, podr\u00e1s experimentar emociones que tocan desde el pasado para contemplar un arte que resiste al tiempo gracias a las obras de sabor cl\u00e1sico realizadas con la misma destreza manual de los grandes artistas pasados \u200b\u200bpor el [&hellip;]<\/p>\n","protected":false},"author":3,"featured_media":0,"parent":0,"menu_order":0,"comment_status":"closed","ping_status":"closed","template":"","meta":{"footnotes":""},"class_list":["post-986","page","type-page","status-publish","hentry","has-post-title","has-post-date","has-post-category","has-post-tag","has-post-comment","has-post-author",""],"yoast_head":"<!-- This site is optimized with the Yoast SEO plugin v26.2 - https:\/\/yoast.com\/wordpress\/plugins\/seo\/ -->\n<title>Escultura napolitana de estatuas y pastores del maestro Federico Iaccarino<\/title>\n<meta name=\"description\" content=\"Todas las creaciones del maestro Federico Iaccarino de la escultura napolitana, un arte que nunca se ha desvanecido de la tradici\u00f3n escult\u00f3rica napolitana.\" \/>\n<meta name=\"robots\" content=\"index, follow, max-snippet:-1, max-image-preview:large, max-video-preview:-1\" \/>\n<link rel=\"canonical\" href=\"https:\/\/federicoiaccarino.it\/es\/\" \/>\n<meta property=\"og:locale\" content=\"es_ES\" \/>\n<meta property=\"og:type\" content=\"article\" \/>\n<meta property=\"og:title\" content=\"Escultura napolitana de estatuas y pastores del maestro Federico Iaccarino\" \/>\n<meta property=\"og:description\" content=\"Todas las creaciones del maestro Federico Iaccarino de la escultura napolitana, un arte que nunca se ha desvanecido de la tradici\u00f3n escult\u00f3rica napolitana.\" \/>\n<meta property=\"og:url\" content=\"https:\/\/federicoiaccarino.it\/es\/\" \/>\n<meta property=\"og:site_name\" content=\"federicoiaccarino\" \/>\n<meta property=\"article:modified_time\" content=\"2021-07-22T17:40:25+00:00\" \/>\n<meta property=\"og:image\" content=\"https:\/\/federicoiaccarino.it\/wp-content\/uploads\/2021\/03\/motto-home-es.png\" \/>\n<meta name=\"twitter:card\" content=\"summary_large_image\" \/>\n<script type=\"application\/ld+json\" class=\"yoast-schema-graph\">{\"@context\":\"https:\/\/schema.org\",\"@graph\":[{\"@type\":\"WebPage\",\"@id\":\"https:\/\/federicoiaccarino.it\/es\/\",\"url\":\"https:\/\/federicoiaccarino.it\/es\/\",\"name\":\"Escultura napolitana de estatuas y pastores del maestro Federico Iaccarino\",\"isPartOf\":{\"@id\":\"https:\/\/federicoiaccarino.it\/#website\"},\"primaryImageOfPage\":{\"@id\":\"https:\/\/federicoiaccarino.it\/es\/#primaryimage\"},\"image\":{\"@id\":\"https:\/\/federicoiaccarino.it\/es\/#primaryimage\"},\"thumbnailUrl\":\"https:\/\/federicoiaccarino.it\/wp-content\/uploads\/2021\/03\/motto-home-es.png\",\"datePublished\":\"2019-07-01T13:46:13+00:00\",\"dateModified\":\"2021-07-22T17:40:25+00:00\",\"description\":\"Todas las creaciones del maestro Federico Iaccarino de la escultura napolitana, un arte que nunca se ha desvanecido de la tradici\u00f3n escult\u00f3rica napolitana.\",\"breadcrumb\":{\"@id\":\"https:\/\/federicoiaccarino.it\/es\/#breadcrumb\"},\"inLanguage\":\"es\",\"potentialAction\":[{\"@type\":\"ReadAction\",\"target\":[\"https:\/\/federicoiaccarino.it\/es\/\"]}]},{\"@type\":\"ImageObject\",\"inLanguage\":\"es\",\"@id\":\"https:\/\/federicoiaccarino.it\/es\/#primaryimage\",\"url\":\"https:\/\/federicoiaccarino.it\/wp-content\/uploads\/2021\/03\/motto-home-es.png\",\"contentUrl\":\"https:\/\/federicoiaccarino.it\/wp-content\/uploads\/2021\/03\/motto-home-es.png\"},{\"@type\":\"BreadcrumbList\",\"@id\":\"https:\/\/federicoiaccarino.it\/es\/#breadcrumb\",\"itemListElement\":[{\"@type\":\"ListItem\",\"position\":1,\"name\":\"Home\",\"item\":\"https:\/\/federicoiaccarino.it\/es\/\"},{\"@type\":\"ListItem\",\"position\":2,\"name\":\"Home\"}]},{\"@type\":\"WebSite\",\"@id\":\"https:\/\/federicoiaccarino.it\/#website\",\"url\":\"https:\/\/federicoiaccarino.it\/\",\"name\":\"Federico Iaccarino\",\"description\":\"\",\"potentialAction\":[{\"@type\":\"SearchAction\",\"target\":{\"@type\":\"EntryPoint\",\"urlTemplate\":\"https:\/\/federicoiaccarino.it\/?s={search_term_string}\"},\"query-input\":{\"@type\":\"PropertyValueSpecification\",\"valueRequired\":true,\"valueName\":\"search_term_string\"}}],\"inLanguage\":\"es\"}]}<\/script>\n<!-- \/ Yoast SEO plugin. -->","yoast_head_json":{"title":"Escultura napolitana de estatuas y pastores del maestro Federico Iaccarino","description":"Todas las creaciones del maestro Federico Iaccarino de la escultura napolitana, un arte que nunca se ha desvanecido de la tradici\u00f3n escult\u00f3rica napolitana.","robots":{"index":"index","follow":"follow","max-snippet":"max-snippet:-1","max-image-preview":"max-image-preview:large","max-video-preview":"max-video-preview:-1"},"canonical":"https:\/\/federicoiaccarino.it\/es\/","og_locale":"es_ES","og_type":"article","og_title":"Escultura napolitana de estatuas y pastores del maestro Federico Iaccarino","og_description":"Todas las creaciones del maestro Federico Iaccarino de la escultura napolitana, un arte que nunca se ha desvanecido de la tradici\u00f3n escult\u00f3rica napolitana.","og_url":"https:\/\/federicoiaccarino.it\/es\/","og_site_name":"federicoiaccarino","article_modified_time":"2021-07-22T17:40:25+00:00","og_image":[{"url":"https:\/\/federicoiaccarino.it\/wp-content\/uploads\/2021\/03\/motto-home-es.png","type":"","width":"","height":""}],"twitter_card":"summary_large_image","schema":{"@context":"https:\/\/schema.org","@graph":[{"@type":"WebPage","@id":"https:\/\/federicoiaccarino.it\/es\/","url":"https:\/\/federicoiaccarino.it\/es\/","name":"Escultura napolitana de estatuas y pastores del maestro Federico Iaccarino","isPartOf":{"@id":"https:\/\/federicoiaccarino.it\/#website"},"primaryImageOfPage":{"@id":"https:\/\/federicoiaccarino.it\/es\/#primaryimage"},"image":{"@id":"https:\/\/federicoiaccarino.it\/es\/#primaryimage"},"thumbnailUrl":"https:\/\/federicoiaccarino.it\/wp-content\/uploads\/2021\/03\/motto-home-es.png","datePublished":"2019-07-01T13:46:13+00:00","dateModified":"2021-07-22T17:40:25+00:00","description":"Todas las creaciones del maestro Federico Iaccarino de la escultura napolitana, un arte que nunca se ha desvanecido de la tradici\u00f3n escult\u00f3rica napolitana.","breadcrumb":{"@id":"https:\/\/federicoiaccarino.it\/es\/#breadcrumb"},"inLanguage":"es","potentialAction":[{"@type":"ReadAction","target":["https:\/\/federicoiaccarino.it\/es\/"]}]},{"@type":"ImageObject","inLanguage":"es","@id":"https:\/\/federicoiaccarino.it\/es\/#primaryimage","url":"https:\/\/federicoiaccarino.it\/wp-content\/uploads\/2021\/03\/motto-home-es.png","contentUrl":"https:\/\/federicoiaccarino.it\/wp-content\/uploads\/2021\/03\/motto-home-es.png"},{"@type":"BreadcrumbList","@id":"https:\/\/federicoiaccarino.it\/es\/#breadcrumb","itemListElement":[{"@type":"ListItem","position":1,"name":"Home","item":"https:\/\/federicoiaccarino.it\/es\/"},{"@type":"ListItem","position":2,"name":"Home"}]},{"@type":"WebSite","@id":"https:\/\/federicoiaccarino.it\/#website","url":"https:\/\/federicoiaccarino.it\/","name":"Federico Iaccarino","description":"","potentialAction":[{"@type":"SearchAction","target":{"@type":"EntryPoint","urlTemplate":"https:\/\/federicoiaccarino.it\/?s={search_term_string}"},"query-input":{"@type":"PropertyValueSpecification","valueRequired":true,"valueName":"search_term_string"}}],"inLanguage":"es"}]}},"builder_content":"<img src=\"https:\/\/federicoiaccarino.it\/wp-content\/uploads\/2021\/03\/motto-home-es.png\" title=\"Home\" alt=\"Home\" srcset=\"https:\/\/federicoiaccarino.it\/wp-content\/uploads\/2021\/03\/motto-home-es.png 573w, https:\/\/federicoiaccarino.it\/wp-content\/uploads\/2021\/03\/motto-home-es-300x26.png 300w\" sizes=\"(max-width: 573px) 100vw, 573px\" \/>\n<img src=\"https:\/\/federicoiaccarino.it\/wp-content\/uploads\/2021\/03\/motto-home-es.png\" title=\"Home\" alt=\"Home\" srcset=\"https:\/\/federicoiaccarino.it\/wp-content\/uploads\/2021\/03\/motto-home-es.png 573w, https:\/\/federicoiaccarino.it\/wp-content\/uploads\/2021\/03\/motto-home-es-300x26.png 300w\" sizes=\"(max-width: 573px) 100vw, 573px\" \/>\n<h1>Bienvenidos al Estudio de Arte \"Federico Iaccarino\"<\/h1> <p>Aqu\u00ed, inmerso en las obras inspiradas en la antigua tradici\u00f3n escult\u00f3rica napolitana, podr\u00e1s experimentar emociones que tocan desde el pasado para contemplar un arte que resiste al tiempo gracias a las obras de sabor cl\u00e1sico realizadas con la misma destreza manual de los grandes artistas pasados \u200b\u200bpor el maestro <strong>Federico Iaccarino<\/strong>. <br \/><br \/>El escultor de Meta di Sorrento, conocido y apreciado en todo el mundo por sus excepcionales habilidades art\u00edsticas, cada d\u00eda, con su talento creativo, contribuye a escribir una nueva \u00e8poca para la escultura napolitana.<\/p> <h2>Escultura napolitana, ayer, hoy y ma\u00f1ana<\/h2> <p>\"<strong>La escultura napolitana<\/strong> es el puro relato de una \u00e9poca, de un reino, del deseo de mover el aire con formas siempre equilibradas, suaves, decididas, con colores vividos. Es el simple deseo de transmitir al espectador la inigualable maravilla de la verdad. Luego hay una investigaci\u00f3n profunda y man\u00edaca, donde las varillas y los pinceles se convierten en ap\u00e9ndices constantes y diarios. <br \/><br \/>El artista a su vez se convierte en un v\u00ednculo entre el cliente y la obra, entre lo que observa y lo que crea, en un dise\u00f1o divino que, con respeto, nos llama a\u00fan a maravillarnos difundiendo su palabra ...\"<\/p> <h3>Federico Iaccarino<\/h3> <h3>Revive el arte del pasado con nuevas emociones.<\/h3> <p>Es posible contemplar las obras del artista en el Estudio de Arte Federico Iaccarino, visitable en via Guglielmo Marconi 57 (Meta), a pocos kil\u00f3metros de Sorrento.<\/p> <p>\u00a0<\/p> <p>\u00a0<\/p>","_links":{"self":[{"href":"https:\/\/federicoiaccarino.it\/es\/wp-json\/wp\/v2\/pages\/986","targetHints":{"allow":["GET"]}}],"collection":[{"href":"https:\/\/federicoiaccarino.it\/es\/wp-json\/wp\/v2\/pages"}],"about":[{"href":"https:\/\/federicoiaccarino.it\/es\/wp-json\/wp\/v2\/types\/page"}],"author":[{"embeddable":true,"href":"https:\/\/federicoiaccarino.it\/es\/wp-json\/wp\/v2\/users\/3"}],"replies":[{"embeddable":true,"href":"https:\/\/federicoiaccarino.it\/es\/wp-json\/wp\/v2\/comments?post=986"}],"version-history":[{"count":5,"href":"https:\/\/federicoiaccarino.it\/es\/wp-json\/wp\/v2\/pages\/986\/revisions"}],"predecessor-version":[{"id":4308,"href":"https:\/\/federicoiaccarino.it\/es\/wp-json\/wp\/v2\/pages\/986\/revisions\/4308"}],"wp:attachment":[{"href":"https:\/\/federicoiaccarino.it\/es\/wp-json\/wp\/v2\/media?parent=986"}],"curies":[{"name":"wp","href":"https:\/\/api.w.org\/{rel}","templated":true}]}}