{"id":1070,"date":"2019-09-13T16:22:21","date_gmt":"2019-09-13T14:22:21","guid":{"rendered":"https:\/\/federicoiaccarino.it\/contatti\/"},"modified":"2021-07-26T10:18:49","modified_gmt":"2021-07-26T08:18:49","slug":"contatti","status":"publish","type":"page","link":"https:\/\/federicoiaccarino.it\/es\/contatti\/","title":{"rendered":"Contactos"},"content":{"rendered":"<!--themify_builder_content-->\n<div id=\"themify_builder_content-1070\" data-postid=\"1070\" class=\"themify_builder_content themify_builder_content-1070 themify_builder tf_clear\">\n                    <div  data-lazy=\"1\" class=\"module_row themify_builder_row fullheight tb_mhzn918 tb_first tf_w hide-mobile\">\n                        <span class=\"tf_hide row-slider tb_slider tf_abs\" data-bgmode=\"fullcover\" data-sliderspeed=\"2000\">\n                <span class=\"tf_abs row-slider-slides tf_w tf_hidden tf_clearfix\">\n                                <span data-bg=\"https:\/\/federicoiaccarino.it\/wp-content\/uploads\/2021\/02\/DSC_0608.jpg\">\n                        <a href=\"javascript:;\" rel=\"nofollow\" class=\"row-slider-dot\" data-index=\"0\"><span class=\"screen-reader-text\">&bull;<\/span><\/a>\n                    <\/span>\n                                    <span data-bg=\"https:\/\/federicoiaccarino.it\/wp-content\/uploads\/2021\/02\/DSC_1008.jpg\">\n                        <a href=\"javascript:;\" rel=\"nofollow\" class=\"row-slider-dot\" data-index=\"1\"><span class=\"screen-reader-text\">&bull;<\/span><\/a>\n                    <\/span>\n                                    <span data-bg=\"https:\/\/federicoiaccarino.it\/wp-content\/uploads\/2021\/02\/DSC_0282-2.jpg\">\n                        <a href=\"javascript:;\" rel=\"nofollow\" class=\"row-slider-dot\" data-index=\"2\"><span class=\"screen-reader-text\">&bull;<\/span><\/a>\n                    <\/span>\n                                    <span data-bg=\"https:\/\/federicoiaccarino.it\/wp-content\/uploads\/2021\/02\/completo_2-2-1.jpg\">\n                        <a href=\"javascript:;\" rel=\"nofollow\" class=\"row-slider-dot\" data-index=\"3\"><span class=\"screen-reader-text\">&bull;<\/span><\/a>\n                    <\/span>\n                                <\/span>\n                <span class=\"row-slider-nav tf_abs_t tf_w\">\n                    <a href=\"javascript:;\" rel=\"nofollow\" class=\"row-slider-arrow row-slider-prev tf_hidden tf_abs_t\"><span class=\"screen-reader-text\">&larr;<\/span><\/a>\n                    <a href=\"javascript:;\" rel=\"nofollow\" class=\"row-slider-arrow row-slider-next tf_hidden tf_abs_t\"><span class=\"screen-reader-text\">&rarr;<\/span><\/a>\n                <\/span>\n            <\/span>\n                        <div class=\"row_inner col_align_top tb_col_count_1 tf_box tf_rel\">\n                        <div  data-lazy=\"1\" class=\"module_column tb-column col-full tb_zhs6918 first\">\n                            <\/div>\n                        <\/div>\n        <\/div>\n                        <div  data-lazy=\"1\" class=\"module_row themify_builder_row tb_pi8d655 tf_w hide-desktop hide-tablet hide-tablet_landscape\">\n                        <span class=\"tf_hide row-slider tb_slider tf_abs\" data-bgmode=\"fullcover\" data-sliderspeed=\"2000\">\n                <span class=\"tf_abs row-slider-slides tf_w tf_hidden tf_clearfix\">\n                                <span data-bg=\"https:\/\/federicoiaccarino.it\/wp-content\/uploads\/2021\/02\/DSC_0608.jpg\">\n                        <a href=\"javascript:;\" rel=\"nofollow\" class=\"row-slider-dot\" data-index=\"0\"><span class=\"screen-reader-text\">&bull;<\/span><\/a>\n                    <\/span>\n                                    <span data-bg=\"https:\/\/federicoiaccarino.it\/wp-content\/uploads\/2021\/02\/DSC_1008.jpg\">\n                        <a href=\"javascript:;\" rel=\"nofollow\" class=\"row-slider-dot\" data-index=\"1\"><span class=\"screen-reader-text\">&bull;<\/span><\/a>\n                    <\/span>\n                                    <span data-bg=\"https:\/\/federicoiaccarino.it\/wp-content\/uploads\/2021\/02\/DSC_0282-2.jpg\">\n                        <a href=\"javascript:;\" rel=\"nofollow\" class=\"row-slider-dot\" data-index=\"2\"><span class=\"screen-reader-text\">&bull;<\/span><\/a>\n                    <\/span>\n                                    <span data-bg=\"https:\/\/federicoiaccarino.it\/wp-content\/uploads\/2021\/02\/completo_2-2-1.jpg\">\n                        <a href=\"javascript:;\" rel=\"nofollow\" class=\"row-slider-dot\" data-index=\"3\"><span class=\"screen-reader-text\">&bull;<\/span><\/a>\n                    <\/span>\n                                <\/span>\n                <span class=\"row-slider-nav tf_abs_t tf_w\">\n                    <a href=\"javascript:;\" rel=\"nofollow\" class=\"row-slider-arrow row-slider-prev tf_hidden tf_abs_t\"><span class=\"screen-reader-text\">&larr;<\/span><\/a>\n                    <a href=\"javascript:;\" rel=\"nofollow\" class=\"row-slider-arrow row-slider-next tf_hidden tf_abs_t\"><span class=\"screen-reader-text\">&rarr;<\/span><\/a>\n                <\/span>\n            <\/span>\n                        <div class=\"row_inner col_align_top tb_col_count_1 tf_box tf_rel\">\n                        <div  data-lazy=\"1\" class=\"module_column tb-column col-full tb_4n7k656 first\">\n                            <\/div>\n                        <\/div>\n        <\/div>\n                        <div  data-css_id=\"ib2n641\" data-lazy=\"1\" class=\"module_row themify_builder_row top100 fullwidth tb_ib2n641 tf_w\">\n                        <div class=\"row_inner col_align_top tb_col_count_1 tf_box tf_rel\">\n                        <div  data-lazy=\"1\" class=\"module_column tb-column col-full tb_hl6u642 first\">\n                            <div  data-lazy=\"1\" class=\"module_subrow themify_builder_sub_row tf_w gutter-none col_align_bottom tb_col_count_2 tb_kr21826\">\n                <div  data-lazy=\"1\" class=\"module_column sub_column col2-1 tb_knya826 first\">\n                    <!-- module fancy heading -->\n<div  class=\"module module-fancy-heading tb_mfat422  tb_hide_divider\" data-lazy=\"1\">\n        <h1 class=\"fancy-heading\">\n    <span class=\"main-head tf_block\">\n                    Contactos            <\/span>\n\n    \n    <span class=\"sub-head tf_block tf_rel\">\n                                <\/span>\n    <\/h1>\n<\/div>\n<!-- \/module fancy heading -->\n<!-- module text -->\n<div  class=\"module module-text tb_fn2h440   \" data-lazy=\"1\">\n        <div  class=\"tb_text_wrap\">\n        <p><strong>Maestro Federico Iaccarino<\/strong><br \/><strong><br \/>Estudio de Arte<\/strong><br \/>Via Marconi, 57 | Meta 80062 N\u00e1poles <br \/>Portable +39 334.75.66.239\u00a0<\/p>\n<p><strong>Galer\u00eda de arte \u00abFederico Iaccarino\u00bb<\/strong><br \/>Via Marconi, 55 | Meta 80062 N\u00e1poles<\/p>    <\/div>\n<\/div>\n<!-- \/module text --><!-- module template_part -->\n<div  class=\"module module-layout-part tb_06ez872 \">\n    <div class=\"tb_layout_part_wrap tf_w\"><!--themify_builder_content-->\n    <div  class=\"themify_builder_content themify_builder_content-1047 themify_builder not_editable_builder in_the_loop\" data-postid=\"1047\">\n                        <div  data-lazy=\"1\" class=\"module_row themify_builder_row tb_4jmq382 tf_w\">\n                        <div class=\"row_inner col_align_top tb_col_count_1 tf_box tf_rel\">\n                        <div  data-lazy=\"1\" class=\"module_column tb-column col-full tb_tdx0383 first\">\n                    <!-- module icon -->\n<div  class=\"module module-icon tb_aeg9110 ic-social normal circle icon_horizontal \" data-lazy=\"1\">\n\t\t\t<div class=\"module-icon-item\">\n\t\t\t\t\t\t\t<a href=\"https:\/\/www.facebook.com\/federicoiaccarino.it\" rel=\"noopener\" target=\"_blank\">\n\t\t\t\t\t\t\t\t\t\t\t\t\t\t\t\t\t<em class=\"tf_boxtransparent\"\n\t\t\t\t\t\t\t\t\t\t\t\t\t\t\t\t\t><svg  class=\"tf_fa tf-ti-facebook\" aria-hidden=\"true\"><use href=\"#tf-ti-facebook\"><\/use><\/svg><\/em>\n\t\t\t\t\t\t\t\t\t\t\t\t\t\t\t\t<\/a>\n\t\t\t\t\t<\/div>\n\t<\/div>\n<!-- \/module icon -->\n<!-- module icon -->\n<div  class=\"module module-icon tb_bxs5569 ic-social normal circle icon_horizontal \" data-lazy=\"1\">\n\t\t\t<div class=\"module-icon-item\">\n\t\t\t\t\t\t\t<a href=\"https:\/\/www.instagram.com\/federicoiaccarino\/\" rel=\"noopener\" target=\"_blank\">\n\t\t\t\t\t\t\t\t\t\t\t\t\t\t\t\t\t<em class=\"tf_boxtransparent\"\n\t\t\t\t\t\t\t\t\t\t\t\t\t\t\t\t\t><svg  class=\"tf_fa tf-ti-instagram\" aria-hidden=\"true\"><use href=\"#tf-ti-instagram\"><\/use><\/svg><\/em>\n\t\t\t\t\t\t\t\t\t\t\t\t\t\t\t\t<\/a>\n\t\t\t\t\t<\/div>\n\t<\/div>\n<!-- \/module icon -->\n<!-- module icon -->\n<div  class=\"module module-icon tb_b3wx739 ic-social normal circle icon_horizontal \" data-lazy=\"1\">\n\t\t\t<div class=\"module-icon-item\">\n\t\t\t\t\t\t\t<a href=\"https:\/\/www.youtube.com\/channel\/UCpv-FAGeCDO3yNDuClrJTEQ\" rel=\"noopener\" target=\"_blank\">\n\t\t\t\t\t\t\t\t\t\t\t\t\t\t\t\t\t<em class=\"tf_boxtransparent\"\n\t\t\t\t\t\t\t\t\t\t\t\t\t\t\t\t\t><svg  class=\"tf_fa tf-ti-youtube\" aria-hidden=\"true\"><use href=\"#tf-ti-youtube\"><\/use><\/svg><\/em>\n\t\t\t\t\t\t\t\t\t\t\t\t\t\t\t\t<\/a>\n\t\t\t\t\t<\/div>\n\t<\/div>\n<!-- \/module icon -->\n<!-- module icon -->\n<div  class=\"module module-icon tb_o85l116 ic-social normal circle icon_horizontal \" data-lazy=\"1\">\n\t\t\t<div class=\"module-icon-item\">\n\t\t\t\t\t\t\t<a href=\"https:\/\/wa.me\/393347566239\" rel=\"noopener\" target=\"_blank\">\n\t\t\t\t\t\t\t\t\t\t\t\t\t\t\t\t\t<em class=\"tf_boxtransparent\"\n\t\t\t\t\t\t\t\t\t\t\t\t\t\t\t\t\t><svg  class=\"tf_fa tf-fab-whatsapp\" aria-hidden=\"true\"><use href=\"#tf-fab-whatsapp\"><\/use><\/svg><\/em>\n\t\t\t\t\t\t\t\t\t\t\t\t\t\t\t\t<\/a>\n\t\t\t\t\t<\/div>\n\t<\/div>\n<!-- \/module icon -->\n        <\/div>\n                        <\/div>\n        <\/div>\n            <\/div>\n<!--\/themify_builder_content--><\/div>\n<\/div>\n<!-- \/module template_part --><!-- module plain text -->\n<div  class=\"module module-plain-text tb_8187845 \" data-lazy=\"1\">\n        <div class=\"tb_text_wrap\">\n    \n<div class=\"wpcf7 no-js\" id=\"wpcf7-f983-o1\" lang=\"it-IT\" dir=\"ltr\" data-wpcf7-id=\"983\">\n<div class=\"screen-reader-response\"><p role=\"status\" aria-live=\"polite\" aria-atomic=\"true\"><\/p> <ul><\/ul><\/div>\n<form action=\"\/es\/wp-json\/wp\/v2\/pages\/1070#wpcf7-f983-o1\" method=\"post\" class=\"wpcf7-form init\" aria-label=\"Modulo di contatto\" novalidate=\"novalidate\" data-status=\"init\">\n<fieldset class=\"hidden-fields-container\"><input type=\"hidden\" name=\"_wpcf7\" value=\"983\" \/><input type=\"hidden\" name=\"_wpcf7_version\" value=\"6.1.3\" \/><input type=\"hidden\" name=\"_wpcf7_locale\" value=\"it_IT\" \/><input type=\"hidden\" name=\"_wpcf7_unit_tag\" value=\"wpcf7-f983-o1\" \/><input type=\"hidden\" name=\"_wpcf7_container_post\" value=\"0\" \/><input type=\"hidden\" name=\"_wpcf7_posted_data_hash\" value=\"\" \/><input type=\"hidden\" name=\"_wpcf7_recaptcha_response\" value=\"\" \/>\n<\/fieldset>\n<p>Los campos con * son obligatorios\n<\/p>\n<p><label><span class=\"wpcf7-form-control-wrap\" data-name=\"nome\"><input size=\"40\" maxlength=\"400\" class=\"wpcf7-form-control wpcf7-text wpcf7-validates-as-required\" aria-required=\"true\" aria-invalid=\"false\" placeholder=\"Nombre*\" value=\"\" type=\"text\" name=\"nome\" \/><\/span><\/label>\n<\/p>\n<p><label><span class=\"wpcf7-form-control-wrap\" data-name=\"mail\"><input size=\"40\" maxlength=\"400\" class=\"wpcf7-form-control wpcf7-email wpcf7-validates-as-required wpcf7-text wpcf7-validates-as-email\" aria-required=\"true\" aria-invalid=\"false\" placeholder=\"Mail*\" value=\"\" type=\"email\" name=\"mail\" \/><\/span><\/label>\n<\/p>\n<p><label><span class=\"wpcf7-form-control-wrap\" data-name=\"telefono\"><input size=\"40\" maxlength=\"400\" class=\"wpcf7-form-control wpcf7-tel wpcf7-text wpcf7-validates-as-tel\" aria-invalid=\"false\" placeholder=\"Tel\u00e9fono\" value=\"\" type=\"tel\" name=\"telefono\" \/><\/span><\/label>\n<\/p>\n<p><label><span class=\"wpcf7-form-control-wrap\" data-name=\"oggetto\"><input size=\"40\" maxlength=\"400\" class=\"wpcf7-form-control wpcf7-text\" aria-invalid=\"false\" placeholder=\"Objeto\" value=\"\" type=\"text\" name=\"oggetto\" \/><\/span><\/label>\n<\/p>\n<p><label><span class=\"wpcf7-form-control-wrap\" data-name=\"info\"><textarea cols=\"40\" rows=\"10\" maxlength=\"2000\" class=\"wpcf7-form-control wpcf7-textarea\" aria-invalid=\"false\" placeholder=\"Info\" name=\"info\"><\/textarea><\/span><\/label>\n<\/p>\n<p><label><span class=\"wpcf7-form-control-wrap\" data-name=\"quiz-414\"><label><span class=\"wpcf7-quiz-label\">24 + 1 = ?<\/span> <input size=\"40\" class=\"wpcf7-form-control wpcf7-quiz\" autocomplete=\"off\" aria-required=\"true\" aria-invalid=\"false\" type=\"text\" name=\"quiz-414\" \/><\/label><input type=\"hidden\" name=\"_wpcf7_quiz_answer_quiz-414\" value=\"0d0d355870c2862f7e34b2d86007cbac\" \/><\/span><\/label>\n<\/p>\n<p>Declaro que he le\u00eddo<a href=\"\/privacy-cookie-policy\/\"> la informaci\u00f3n para el tratamiento de datos personales <\/a>y la he entendido y aceptado en su totalidad.\n<\/p>\n<p><label> Aceptar <span class=\"wpcf7-form-control-wrap\" data-name=\"accetto-privacy\"><span class=\"wpcf7-form-control wpcf7-acceptance\"><span class=\"wpcf7-list-item\"><input type=\"checkbox\" name=\"accetto-privacy\" value=\"1\" aria-invalid=\"false\" \/><\/span><\/span><\/span><\/label>\n<\/p>\n<p>Declaro aceptar el almacenamiento de mis datos de este sitio.\n<\/p>\n<p><label> Aceptar <span class=\"wpcf7-form-control-wrap\" data-name=\"accetto-memorizzazione-dati\"><span class=\"wpcf7-form-control wpcf7-acceptance\"><span class=\"wpcf7-list-item\"><input type=\"checkbox\" name=\"accetto-memorizzazione-dati\" value=\"1\" aria-invalid=\"false\" \/><\/span><\/span><\/span><\/label>\n<\/p>\n<p><input class=\"wpcf7-form-control wpcf7-submit has-spinner\" type=\"submit\" value=\"Enviar\" \/>\n<\/p><div class=\"wpcf7-response-output\" aria-hidden=\"true\"><\/div>\n<\/form>\n<\/div>\n    <\/div>\n<\/div>\n<!-- \/module plain text -->        <\/div>\n                    <div  data-lazy=\"1\" class=\"module_column sub_column col2-1 tb_s5g0827 last\">\n                    <!-- module image -->\n<div  class=\"module module-image tb_8pq3314 image-right   tf_mw wow\" data-tf-animation=\"fadeInUpBig\" data-lazy=\"1\">\n        <div class=\"image-wrap tf_rel tf_mw\">\n            <img loading=\"lazy\" decoding=\"async\" width=\"800\" height=\"1200\" src=\"https:\/\/federicoiaccarino.it\/wp-content\/uploads\/2019\/09\/cuoredigesu.png\" class=\"wp-post-image wp-image-1071\" title=\"cuore di ges\u00f9\" alt=\"cuore di ges\u00f9\" srcset=\"https:\/\/federicoiaccarino.it\/wp-content\/uploads\/2019\/09\/cuoredigesu.png 800w, https:\/\/federicoiaccarino.it\/wp-content\/uploads\/2019\/09\/cuoredigesu-200x300.png 200w, https:\/\/federicoiaccarino.it\/wp-content\/uploads\/2019\/09\/cuoredigesu-768x1152.png 768w, https:\/\/federicoiaccarino.it\/wp-content\/uploads\/2019\/09\/cuoredigesu-683x1024.png 683w, https:\/\/federicoiaccarino.it\/wp-content\/uploads\/2019\/09\/cuoredigesu-600x900.png 600w\" sizes=\"auto, (max-width: 800px) 100vw, 800px\" \/>    \n        <\/div>\n    <!-- \/image-wrap -->\n    \n        <\/div>\n<!-- \/module image -->        <\/div>\n                    <\/div>\n                <\/div>\n                        <\/div>\n        <\/div>\n                        <div  data-css_id=\"rq0p985\" data-lazy=\"1\" class=\"module_row themify_builder_row top0 fullwidth tb_rq0p985 tf_w\">\n                        <div class=\"row_inner gutter-none col_align_bottom tb_col_count_1 tf_box tf_rel\">\n                        <div  data-lazy=\"1\" class=\"module_column tb-column col-full tb_hrhu986 first\">\n                    <!-- module fancy heading -->\n<div  class=\"module module-fancy-heading tb_2pg5192  tb_hide_divider\" data-lazy=\"1\">\n        <h3 class=\"fancy-heading tf_textc\">\n    <span class=\"main-head tf_block\">\n                    Mapa            <\/span>\n\n    \n    <span class=\"sub-head tf_block tf_rel\">\n                                <\/span>\n    <\/h3>\n<\/div>\n<!-- \/module fancy heading -->\n<!-- module plain text -->\n<div  class=\"module module-plain-text tb_dkc0229 \" data-lazy=\"1\">\n        <div class=\"tb_text_wrap\">\n    <iframe loading=\"lazy\" src=\"https:\/\/www.google.com\/maps\/d\/embed?mid=1El8zimAmNukuIEjEcIXihoZz0CF01SEP\" width=\"100%\" height=\"480\"><\/iframe>    <\/div>\n<\/div>\n<!-- \/module plain text -->        <\/div>\n                        <\/div>\n        <\/div>\n        <\/div>\n<!--\/themify_builder_content-->","protected":false},"excerpt":{"rendered":"<p>Contactos Maestro Federico IaccarinoEstudio de ArteVia Marconi, 57 | Meta 80062 N\u00e1poles Portable +39 334.75.66.239\u00a0 Galer\u00eda de arte \u00abFederico Iaccarino\u00bbVia Marconi, 55 | Meta 80062 N\u00e1poles Mapa<\/p>\n","protected":false},"author":3,"featured_media":0,"parent":0,"menu_order":0,"comment_status":"closed","ping_status":"closed","template":"","meta":{"footnotes":""},"class_list":["post-1070","page","type-page","status-publish","hentry","has-post-title","has-post-date","has-post-category","has-post-tag","has-post-comment","has-post-author",""],"yoast_head":"<!-- This site is optimized with the Yoast SEO plugin v26.2 - https:\/\/yoast.com\/wordpress\/plugins\/seo\/ -->\n<title>Contactos y n\u00fameros \u00fatiles para contactar con Federico Iaccarino<\/title>\n<meta name=\"description\" content=\"Contactos y n\u00fameros \u00fatiles para ponerse en contacto con el maestro Federico Iaccarino, para conocer todos los pastores y las ofertas disponibles.\" \/>\n<meta name=\"robots\" content=\"index, follow, max-snippet:-1, max-image-preview:large, max-video-preview:-1\" \/>\n<link rel=\"canonical\" href=\"https:\/\/federicoiaccarino.it\/contatti\/\" \/>\n<meta property=\"og:locale\" content=\"es_ES\" \/>\n<meta property=\"og:type\" content=\"article\" \/>\n<meta property=\"og:title\" content=\"Contactos y n\u00fameros \u00fatiles para contactar con Federico Iaccarino\" \/>\n<meta property=\"og:description\" content=\"Contactos y n\u00fameros \u00fatiles para ponerse en contacto con el maestro Federico Iaccarino, para conocer todos los pastores y las ofertas disponibles.\" \/>\n<meta property=\"og:url\" content=\"https:\/\/federicoiaccarino.it\/contatti\/\" \/>\n<meta property=\"og:site_name\" content=\"federicoiaccarino\" \/>\n<meta property=\"article:modified_time\" content=\"2021-07-26T08:18:49+00:00\" \/>\n<meta property=\"og:image\" content=\"https:\/\/federicoiaccarino.it\/wp-content\/uploads\/2019\/09\/cuoredigesu.png\" \/>\n<meta name=\"twitter:card\" content=\"summary_large_image\" \/>\n<script type=\"application\/ld+json\" class=\"yoast-schema-graph\">{\"@context\":\"https:\/\/schema.org\",\"@graph\":[{\"@type\":\"WebPage\",\"@id\":\"https:\/\/federicoiaccarino.it\/contatti\/\",\"url\":\"https:\/\/federicoiaccarino.it\/contatti\/\",\"name\":\"Contactos y n\u00fameros \u00fatiles para contactar con Federico Iaccarino\",\"isPartOf\":{\"@id\":\"https:\/\/federicoiaccarino.it\/#website\"},\"primaryImageOfPage\":{\"@id\":\"https:\/\/federicoiaccarino.it\/contatti\/#primaryimage\"},\"image\":{\"@id\":\"https:\/\/federicoiaccarino.it\/contatti\/#primaryimage\"},\"thumbnailUrl\":\"https:\/\/federicoiaccarino.it\/wp-content\/uploads\/2019\/09\/cuoredigesu.png\",\"datePublished\":\"2019-09-13T14:22:21+00:00\",\"dateModified\":\"2021-07-26T08:18:49+00:00\",\"description\":\"Contactos y n\u00fameros \u00fatiles para ponerse en contacto con el maestro Federico Iaccarino, para conocer todos los pastores y las ofertas disponibles.\",\"breadcrumb\":{\"@id\":\"https:\/\/federicoiaccarino.it\/contatti\/#breadcrumb\"},\"inLanguage\":\"es\",\"potentialAction\":[{\"@type\":\"ReadAction\",\"target\":[\"https:\/\/federicoiaccarino.it\/contatti\/\"]}]},{\"@type\":\"ImageObject\",\"inLanguage\":\"es\",\"@id\":\"https:\/\/federicoiaccarino.it\/contatti\/#primaryimage\",\"url\":\"https:\/\/federicoiaccarino.it\/wp-content\/uploads\/2019\/09\/cuoredigesu.png\",\"contentUrl\":\"https:\/\/federicoiaccarino.it\/wp-content\/uploads\/2019\/09\/cuoredigesu.png\"},{\"@type\":\"BreadcrumbList\",\"@id\":\"https:\/\/federicoiaccarino.it\/contatti\/#breadcrumb\",\"itemListElement\":[{\"@type\":\"ListItem\",\"position\":1,\"name\":\"Home\",\"item\":\"https:\/\/federicoiaccarino.it\/es\/\"},{\"@type\":\"ListItem\",\"position\":2,\"name\":\"Contactos\"}]},{\"@type\":\"WebSite\",\"@id\":\"https:\/\/federicoiaccarino.it\/#website\",\"url\":\"https:\/\/federicoiaccarino.it\/\",\"name\":\"Federico Iaccarino\",\"description\":\"\",\"potentialAction\":[{\"@type\":\"SearchAction\",\"target\":{\"@type\":\"EntryPoint\",\"urlTemplate\":\"https:\/\/federicoiaccarino.it\/?s={search_term_string}\"},\"query-input\":{\"@type\":\"PropertyValueSpecification\",\"valueRequired\":true,\"valueName\":\"search_term_string\"}}],\"inLanguage\":\"es\"}]}<\/script>\n<!-- \/ Yoast SEO plugin. -->","yoast_head_json":{"title":"Contactos y n\u00fameros \u00fatiles para contactar con Federico Iaccarino","description":"Contactos y n\u00fameros \u00fatiles para ponerse en contacto con el maestro Federico Iaccarino, para conocer todos los pastores y las ofertas disponibles.","robots":{"index":"index","follow":"follow","max-snippet":"max-snippet:-1","max-image-preview":"max-image-preview:large","max-video-preview":"max-video-preview:-1"},"canonical":"https:\/\/federicoiaccarino.it\/contatti\/","og_locale":"es_ES","og_type":"article","og_title":"Contactos y n\u00fameros \u00fatiles para contactar con Federico Iaccarino","og_description":"Contactos y n\u00fameros \u00fatiles para ponerse en contacto con el maestro Federico Iaccarino, para conocer todos los pastores y las ofertas disponibles.","og_url":"https:\/\/federicoiaccarino.it\/contatti\/","og_site_name":"federicoiaccarino","article_modified_time":"2021-07-26T08:18:49+00:00","og_image":[{"url":"https:\/\/federicoiaccarino.it\/wp-content\/uploads\/2019\/09\/cuoredigesu.png","type":"","width":"","height":""}],"twitter_card":"summary_large_image","schema":{"@context":"https:\/\/schema.org","@graph":[{"@type":"WebPage","@id":"https:\/\/federicoiaccarino.it\/contatti\/","url":"https:\/\/federicoiaccarino.it\/contatti\/","name":"Contactos y n\u00fameros \u00fatiles para contactar con Federico Iaccarino","isPartOf":{"@id":"https:\/\/federicoiaccarino.it\/#website"},"primaryImageOfPage":{"@id":"https:\/\/federicoiaccarino.it\/contatti\/#primaryimage"},"image":{"@id":"https:\/\/federicoiaccarino.it\/contatti\/#primaryimage"},"thumbnailUrl":"https:\/\/federicoiaccarino.it\/wp-content\/uploads\/2019\/09\/cuoredigesu.png","datePublished":"2019-09-13T14:22:21+00:00","dateModified":"2021-07-26T08:18:49+00:00","description":"Contactos y n\u00fameros \u00fatiles para ponerse en contacto con el maestro Federico Iaccarino, para conocer todos los pastores y las ofertas disponibles.","breadcrumb":{"@id":"https:\/\/federicoiaccarino.it\/contatti\/#breadcrumb"},"inLanguage":"es","potentialAction":[{"@type":"ReadAction","target":["https:\/\/federicoiaccarino.it\/contatti\/"]}]},{"@type":"ImageObject","inLanguage":"es","@id":"https:\/\/federicoiaccarino.it\/contatti\/#primaryimage","url":"https:\/\/federicoiaccarino.it\/wp-content\/uploads\/2019\/09\/cuoredigesu.png","contentUrl":"https:\/\/federicoiaccarino.it\/wp-content\/uploads\/2019\/09\/cuoredigesu.png"},{"@type":"BreadcrumbList","@id":"https:\/\/federicoiaccarino.it\/contatti\/#breadcrumb","itemListElement":[{"@type":"ListItem","position":1,"name":"Home","item":"https:\/\/federicoiaccarino.it\/es\/"},{"@type":"ListItem","position":2,"name":"Contactos"}]},{"@type":"WebSite","@id":"https:\/\/federicoiaccarino.it\/#website","url":"https:\/\/federicoiaccarino.it\/","name":"Federico Iaccarino","description":"","potentialAction":[{"@type":"SearchAction","target":{"@type":"EntryPoint","urlTemplate":"https:\/\/federicoiaccarino.it\/?s={search_term_string}"},"query-input":{"@type":"PropertyValueSpecification","valueRequired":true,"valueName":"search_term_string"}}],"inLanguage":"es"}]}},"builder_content":"<h1>Contactos<br\/><\/h1>\n<p><strong>Maestro Federico Iaccarino<\/strong><br \/><strong><br \/>Estudio de Arte<\/strong><br \/>Via Marconi, 57 | Meta 80062 N\u00e1poles <br \/>Portable +39 334.75.66.239\u00a0<\/p> <p><strong>Galer\u00eda de arte \"Federico Iaccarino\"<\/strong><br \/>Via Marconi, 55 | Meta 80062 N\u00e1poles<\/p>\n[contact-form-7 id=\"983\" title=\"Contatti es\"]\n<img src=\"https:\/\/federicoiaccarino.it\/wp-content\/uploads\/2019\/09\/cuoredigesu.png\" title=\"cuore di ges\u00f9\" alt=\"cuore di ges\u00f9\" srcset=\"https:\/\/federicoiaccarino.it\/wp-content\/uploads\/2019\/09\/cuoredigesu.png 800w, https:\/\/federicoiaccarino.it\/wp-content\/uploads\/2019\/09\/cuoredigesu-200x300.png 200w, https:\/\/federicoiaccarino.it\/wp-content\/uploads\/2019\/09\/cuoredigesu-768x1152.png 768w, https:\/\/federicoiaccarino.it\/wp-content\/uploads\/2019\/09\/cuoredigesu-683x1024.png 683w, https:\/\/federicoiaccarino.it\/wp-content\/uploads\/2019\/09\/cuoredigesu-600x900.png 600w\" sizes=\"(max-width: 800px) 100vw, 800px\" \/>\n<h3>Mapa<br\/><\/h3>\n<iframe loading=\"lazy\" src=\"https:\/\/www.google.com\/maps\/d\/embed?mid=1El8zimAmNukuIEjEcIXihoZz0CF01SEP\" width=\"100%\" height=\"480\"><\/iframe>","_links":{"self":[{"href":"https:\/\/federicoiaccarino.it\/es\/wp-json\/wp\/v2\/pages\/1070","targetHints":{"allow":["GET"]}}],"collection":[{"href":"https:\/\/federicoiaccarino.it\/es\/wp-json\/wp\/v2\/pages"}],"about":[{"href":"https:\/\/federicoiaccarino.it\/es\/wp-json\/wp\/v2\/types\/page"}],"author":[{"embeddable":true,"href":"https:\/\/federicoiaccarino.it\/es\/wp-json\/wp\/v2\/users\/3"}],"replies":[{"embeddable":true,"href":"https:\/\/federicoiaccarino.it\/es\/wp-json\/wp\/v2\/comments?post=1070"}],"version-history":[{"count":10,"href":"https:\/\/federicoiaccarino.it\/es\/wp-json\/wp\/v2\/pages\/1070\/revisions"}],"predecessor-version":[{"id":4372,"href":"https:\/\/federicoiaccarino.it\/es\/wp-json\/wp\/v2\/pages\/1070\/revisions\/4372"}],"wp:attachment":[{"href":"https:\/\/federicoiaccarino.it\/es\/wp-json\/wp\/v2\/media?parent=1070"}],"curies":[{"name":"wp","href":"https:\/\/api.w.org\/{rel}","templated":true}]}}